{"id":2212,"date":"2023-02-13T12:11:03","date_gmt":"2023-02-13T16:11:03","guid":{"rendered":"https:\/\/altiusphysio.net\/?page_id=2212"},"modified":"2023-02-13T12:26:49","modified_gmt":"2023-02-13T16:26:49","slug":"historique-de-la-clinique","status":"publish","type":"page","link":"https:\/\/altiusphysio.net\/fr\/historique-de-la-clinique\/","title":{"rendered":"Historique de la clinique"},"content":{"rendered":"\t\t<div data-elementor-type=\"wp-page\" data-elementor-id=\"2212\" class=\"elementor elementor-2212\" data-elementor-post-type=\"page\">\n\t\t\t\t\t\t<section class=\"elementor-section elementor-top-section elementor-element elementor-element-4988e63 elementor-section-boxed elementor-section-height-default elementor-section-height-default\" data-id=\"4988e63\" data-element_type=\"section\">\n\t\t\t\t\t\t<div class=\"elementor-container elementor-column-gap-default\">\n\t\t\t\t\t<div class=\"elementor-column elementor-col-100 elementor-top-column elementor-element elementor-element-b82f5a8\" data-id=\"b82f5a8\" data-element_type=\"column\">\n\t\t\t<div class=\"elementor-widget-wrap elementor-element-populated\">\n\t\t\t\t\t\t<div class=\"elementor-element elementor-element-4ae5899 elementor-view-default elementor-widget elementor-widget-icon\" data-id=\"4ae5899\" data-element_type=\"widget\" data-widget_type=\"icon.default\">\n\t\t\t\t<div class=\"elementor-widget-container\">\n\t\t\t\t\t\t\t<div class=\"elementor-icon-wrapper\">\n\t\t\t<div class=\"elementor-icon\">\n\t\t\t<i aria-hidden=\"true\" class=\"fas fa-praying-hands\"><\/i>\t\t\t<\/div>\n\t\t<\/div>\n\t\t\t\t\t\t<\/div>\n\t\t\t\t<\/div>\n\t\t\t\t<div class=\"elementor-element elementor-element-7702dca elementor-widget elementor-widget-heading\" data-id=\"7702dca\" data-element_type=\"widget\" data-widget_type=\"heading.default\">\n\t\t\t\t<div class=\"elementor-widget-container\">\n\t\t\t\t\t<h2 class=\"elementor-heading-title elementor-size-default\"><br>Historique de la clinique<\/h2>\t\t\t\t<\/div>\n\t\t\t\t<\/div>\n\t\t\t\t<div class=\"elementor-element elementor-element-1fdf09bf elementor-widget elementor-widget-text-editor\" data-id=\"1fdf09bf\" data-element_type=\"widget\" data-widget_type=\"text-editor.default\">\n\t\t\t\t<div class=\"elementor-widget-container\">\n\t\t\t\t\t\t\t\t\t<p><\/p>\n<p>Connaissez-vous l\u2019histoire de la clinique ? Qu\u2019est-ce qui a men\u00e9 \u00c9ric Boucher, physioth\u00e9rapeute et propri\u00e9taire de cliniques de physioth\u00e9rapie populaires et lucratives \u00e0 tout laisser tomber pour recommencer \u00e0 z\u00e9ro ? Laissons la parole \u00e0 \u00c9ric afin d\u2019en apprendre plus sur son cheminement.<\/p>\n<p>\u00c0 l\u2019\u00e2ge de 22 ans, j\u2019\u00e9tais propri\u00e9taire d\u2019une clinique de physioth\u00e9rapie d\u2019une grande banni\u00e8re. Durant les 15 ann\u00e9es qui ont suivi, j\u2019ai trait\u00e9 un nombre incalculable de personnes et j\u2019ai travaill\u00e9 avec des coll\u00e8gues extr\u00eamement comp\u00e9tents. J\u2019ai d\u00e9velopp\u00e9 des liens d\u2019amiti\u00e9 avec mes partenaires d\u2019affaire, de m\u00eame qu\u2019avec mes patients. Le mode de fonctionnement de la clinique \u00e9tait simple : offrir les meilleurs traitements possibles mais malheureusement dans un temps qui \u00e9tait plus limit\u00e9. L\u00e0 \u00e9tait le d\u00e9savantage de travailler pour une grosse banni\u00e8re.<\/p>\n<p>Au d\u00e9but de ma carri\u00e8re, ce mode de fonctionnement me satisfaisait parce que cela me permettait de mettre ma pratique en action et je trouvais que j\u2019\u00e9tais performant. &nbsp;Cependant, avec les ann\u00e9es, je trouvais que je ne passais pas assez de temps avec chaque patient. J\u2019ai commenc\u00e9 \u00e0 vouloir passer plus de temps avec chaque personne afin de leur offrir toute l\u2019attention qu\u2019elles m\u00e9ritent et ainsi pouvoir prodiguer de meilleurs soins. Le peu que j\u2019avais avec mes patients ne me permettait pas d\u2019offrir un traitement ad\u00e9quat et permettre ainsi une r\u00e9elle acc\u00e9l\u00e9ration de leur gu\u00e9rison.<\/p>\n<p>Comme j\u2019\u00e9tais franchis\u00e9, il n\u2019\u00e9tait pas facile d\u2019apporter des changements au mode de fonctionnement de la banni\u00e8re.<\/p>\n<p>La seule option possible pour moi \u00e0 ce moment-l\u00e0, \u00e9tait de b\u00e2tir ma propre clinique de physioth\u00e9rapie. Comme j\u2019avais d\u00e9j\u00e0 une \u00e2me d\u2019entrepreneur, je n\u2019ai pas eu de peur de me jeter dans le vide et de repartir \u00e0 z\u00e9ro.<\/p>\n<p>J\u2019ai donc quitt\u00e9 la franchise afin d\u2019ouvrir ma propre clinique de physioth\u00e9rapie dans laquelle les th\u00e9rapeutes auraient le temps de voir chaque patient. Prendre le temps de les \u00e9couter, de les comprendre et de prodiguer les soins appropri\u00e9s.<\/p>\n<p>Apr\u00e8s 5 ans de travail, les cliniques Altius Physio ont enfin vu le jour. Nous avons maintenant des th\u00e9rapeutes qui passent un minimum de 45 minutes avec chaque patient. Nous sommes \u00e0 l\u2019\u00e9coute de leurs besoins et de leur corps.<\/p>\t\t\t\t\t\t\t\t<\/div>\n\t\t\t\t<\/div>\n\t\t\t\t\t<\/div>\n\t\t<\/div>\n\t\t\t\t\t<\/div>\n\t\t<\/section>\n\t\t\t\t<\/div>\n\t\t","protected":false},"excerpt":{"rendered":"<p>Historique de la clinique Connaissez-vous l\u2019histoire de la clinique ? Qu\u2019est-ce qui a men\u00e9 \u00c9ric Boucher, physioth\u00e9rapeute et propri\u00e9taire de cliniques de physioth\u00e9rapie populaires et lucratives \u00e0 tout laisser tomber pour recommencer \u00e0 z\u00e9ro ? Laissons la parole \u00e0 \u00c9ric afin d\u2019en apprendre plus sur son cheminement. \u00c0 l\u2019\u00e2ge de 22 ans, j\u2019\u00e9tais propri\u00e9taire d\u2019une [&hellip;]<\/p>\n","protected":false},"author":2,"featured_media":0,"parent":0,"menu_order":0,"comment_status":"closed","ping_status":"closed","template":"","meta":{"footnotes":""},"class_list":["post-2212","page","type-page","status-publish","hentry"],"_links":{"self":[{"href":"https:\/\/altiusphysio.net\/fr\/wp-json\/wp\/v2\/pages\/2212","targetHints":{"allow":["GET"]}}],"collection":[{"href":"https:\/\/altiusphysio.net\/fr\/wp-json\/wp\/v2\/pages"}],"about":[{"href":"https:\/\/altiusphysio.net\/fr\/wp-json\/wp\/v2\/types\/page"}],"author":[{"embeddable":true,"href":"https:\/\/altiusphysio.net\/fr\/wp-json\/wp\/v2\/users\/2"}],"replies":[{"embeddable":true,"href":"https:\/\/altiusphysio.net\/fr\/wp-json\/wp\/v2\/comments?post=2212"}],"version-history":[{"count":12,"href":"https:\/\/altiusphysio.net\/fr\/wp-json\/wp\/v2\/pages\/2212\/revisions"}],"predecessor-version":[{"id":2241,"href":"https:\/\/altiusphysio.net\/fr\/wp-json\/wp\/v2\/pages\/2212\/revisions\/2241"}],"wp:attachment":[{"href":"https:\/\/altiusphysio.net\/fr\/wp-json\/wp\/v2\/media?parent=2212"}],"curies":[{"name":"wp","href":"https:\/\/api.w.org\/{rel}","templated":true}]}}