{"id":2392,"date":"2025-02-18T13:14:45","date_gmt":"2025-02-18T17:14:45","guid":{"rendered":"https:\/\/altiusphysio.net\/?page_id=2392"},"modified":"2025-02-19T10:18:09","modified_gmt":"2025-02-19T14:18:09","slug":"carriere-physiotherapie","status":"publish","type":"page","link":"https:\/\/altiusphysio.net\/fr\/carriere-physiotherapie\/","title":{"rendered":"CARRI\u00c8RE\/PHYSIOTH\u00c9RAPIE"},"content":{"rendered":"\t\t<div data-elementor-type=\"wp-page\" data-elementor-id=\"2392\" class=\"elementor elementor-2392\" data-elementor-post-type=\"page\">\n\t\t\t\t\t\t<section class=\"elementor-section elementor-top-section elementor-element elementor-element-80cd741 elementor-section-boxed elementor-section-height-default elementor-section-height-default\" data-id=\"80cd741\" data-element_type=\"section\">\n\t\t\t\t\t\t<div class=\"elementor-container elementor-column-gap-default\">\n\t\t\t\t\t<div class=\"elementor-column elementor-col-100 elementor-top-column elementor-element elementor-element-b1a726a\" data-id=\"b1a726a\" data-element_type=\"column\">\n\t\t\t<div class=\"elementor-widget-wrap\">\n\t\t\t\t\t\t\t<\/div>\n\t\t<\/div>\n\t\t\t\t\t<\/div>\n\t\t<\/section>\n\t\t\t\t<section class=\"elementor-section elementor-top-section elementor-element elementor-element-2273e96e elementor-section-height-min-height elementor-section-boxed elementor-section-height-default elementor-section-items-middle\" data-id=\"2273e96e\" data-element_type=\"section\" data-settings=\"{&quot;background_background&quot;:&quot;classic&quot;}\">\n\t\t\t\t\t\t\t<div class=\"elementor-background-overlay\"><\/div>\n\t\t\t\t\t\t\t<div class=\"elementor-container elementor-column-gap-default\">\n\t\t\t\t\t<div class=\"elementor-column elementor-col-100 elementor-top-column elementor-element elementor-element-58843bc4 animated-fast elementor-invisible\" data-id=\"58843bc4\" data-element_type=\"column\" data-settings=\"{&quot;animation&quot;:&quot;fadeInLeft&quot;}\">\n\t\t\t<div class=\"elementor-widget-wrap elementor-element-populated\">\n\t\t\t\t\t\t<div class=\"elementor-element elementor-element-73f0236f elementor-widget elementor-widget-heading\" data-id=\"73f0236f\" data-element_type=\"widget\" data-widget_type=\"heading.default\">\n\t\t\t\t<div class=\"elementor-widget-container\">\n\t\t\t\t\t<h1 class=\"elementor-heading-title elementor-size-default\">offre d'emploi en physioth\u00e9rapie<\/h1>\t\t\t\t<\/div>\n\t\t\t\t<\/div>\n\t\t\t\t<div class=\"elementor-element elementor-element-11f5a4b elementor-widget__width-initial elementor-widget elementor-widget-text-editor\" data-id=\"11f5a4b\" data-element_type=\"widget\" data-widget_type=\"text-editor.default\">\n\t\t\t\t<div class=\"elementor-widget-container\">\n\t\t\t\t\t\t\t\t\t<p>Rejoignez notre \u00e9quipe de physioth\u00e9rapeutes.&nbsp;<\/p>\t\t\t\t\t\t\t\t<\/div>\n\t\t\t\t<\/div>\n\t\t\t\t\t<\/div>\n\t\t<\/div>\n\t\t\t\t\t<\/div>\n\t\t<\/section>\n\t\t\t\t<section class=\"elementor-section elementor-top-section elementor-element elementor-element-6e14d6f elementor-section-boxed elementor-section-height-default elementor-section-height-default\" data-id=\"6e14d6f\" data-element_type=\"section\">\n\t\t\t\t\t\t<div class=\"elementor-container elementor-column-gap-default\">\n\t\t\t\t\t<div class=\"elementor-column elementor-col-100 elementor-top-column elementor-element elementor-element-0ade233\" data-id=\"0ade233\" data-element_type=\"column\">\n\t\t\t<div class=\"elementor-widget-wrap elementor-element-populated\">\n\t\t\t\t\t\t<div class=\"elementor-element elementor-element-b87a736 elementor-widget elementor-widget-text-editor\" data-id=\"b87a736\" data-element_type=\"widget\" data-widget_type=\"text-editor.default\">\n\t\t\t\t<div class=\"elementor-widget-container\">\n\t\t\t\t\t\t\t\t\t<p><img decoding=\"async\" src=\"https:\/\/static.xx.fbcdn.net\/images\/emoji.php\/v9\/t2d\/1\/16\/1f4cd.png\" alt=\"\ud83d\udccd\" width=\"16\" height=\"16\" \/> Lieu : Altius Physio, 1069 rue principale, St-Zotique, J0P 1Z0<span style=\"font-size: 1rem;\">\u00a0<\/span><\/p><div><div><div dir=\"auto\">Lors du Gala Les Axents, organis\u00e9 par la Chambre de commerce et d&rsquo;industrie de Vaudreuil-Soulanges en novembre 2023 :<\/div><\/div><div><div dir=\"auto\"><img decoding=\"async\" src=\"https:\/\/static.xx.fbcdn.net\/images\/emoji.php\/v9\/tbe\/1\/16\/1f3c6.png\" alt=\"\ud83c\udfc6\" width=\"16\" height=\"16\" \/>Altius Physio a \u00e9t\u00e9 nomm\u00e9e Start-up de l&rsquo;ann\u00e9e<\/div><div dir=\"auto\"><img decoding=\"async\" src=\"https:\/\/static.xx.fbcdn.net\/images\/emoji.php\/v9\/tbe\/1\/16\/1f3c6.png\" alt=\"\ud83c\udfc6\" width=\"16\" height=\"16\" \/>Altius Physio a \u00e9galement \u00e9t\u00e9 nomm\u00e9e Entreprise de l&rsquo;ann\u00e9e<\/div><div dir=\"auto\">\u00a0<\/div><\/div><\/div><div><div dir=\"auto\">Nous sommes \u00e0 la recherche de professionnels dynamiques et passionn\u00e9s pour rejoindre notre \u00e9quipe en tant que physioth\u00e9rapeutes. Si vous \u00eates motiv\u00e9 (e) par l&rsquo;am\u00e9lioration de la qualit\u00e9 de vie des patients, que vous souhaitez travailler dans un environnement stimulant et que vous \u00eates pr\u00eat(e) \u00e0 relever de nouveaux d\u00e9fis, cette offre d&#8217;emploi est faite pour vous !<\/div><div dir=\"auto\">\u00a0<\/div><\/div><p>Chez Altius Physio, les visites avec un physioth\u00e9rapeute sont d\u2019une dur\u00e9e de 45 \u00e0 60 minutes. Vous pouvez donc prendre le temps qu\u2019il faut avec vos patients afin de leur prodiguer les soins appropri\u00e9s et approfondir votre relation avec eux.\u00a0<\/p><p>Nous recevons des patients qui doivent recevoir des soins post-op\u00e9ratoires ainsi que des patients qui souffrent de blessures que l&rsquo;on peut voir plus fr\u00e9quemment (arthrose, bursite, entorse, etc&#8230;). Nous recevons \u00e9galement des athl\u00e8tes sportifs, amateurs et professionnels. Nous acceptons les patients de la SAAQ et r\u00e9f\u00e9rences de m\u00e9decins.<\/p><p><span style=\"text-decoration: underline;\"><strong>Description du poste\u00a0<\/strong><\/span><\/p><p>En tant que physioth\u00e9rapeute au sein de notre \u00e9tablissement de renom, vous aurez l&rsquo;opportunit\u00e9 d&rsquo;apporter votre expertise et vos comp\u00e9tences pour aider nos patients \u00e0 retrouver leur mobilit\u00e9, leur fonctionnalit\u00e9 et leur bien-\u00eatre. Vos principales responsabilit\u00e9s seront les suivantes :<\/p><ul><li>\u00c9valuation approfondie des besoins et des capacit\u00e9s des patients;<\/li><li>D\u00e9veloppement de plans de traitement personnalis\u00e9s en fonction des objectifs th\u00e9rapeutiques;<\/li><li>Mise en \u0153uvre de techniques de r\u00e9\u00e9ducation appropri\u00e9es pour favoriser la gu\u00e9rison et la r\u00e9cup\u00e9ration;<\/li><li>Suivi r\u00e9gulier de l&rsquo;\u00e9volution des patients et ajustement des plans de traitement en cons\u00e9quence;<\/li><li>Collaboration \u00e9troite avec d&rsquo;autres professionnels de la sant\u00e9 pour assurer une approche multidisciplinaire optimale;<\/li><li>Documentation pr\u00e9cise et compl\u00e8te des \u00e9valuations, des traitements et des progr\u00e8s des patients.<\/li><\/ul><div>\u00a0<\/div><p><span style=\"text-decoration: underline;\"><strong>Exigences du poste\u00a0<\/strong><\/span><\/p><ul><li>Ma\u00eetrise en physioth\u00e9rapie et licence valide pour exercer;<\/li><li>Exp\u00e9rience pr\u00e9alable en physioth\u00e9rapie, de pr\u00e9f\u00e9rence dans un environnement clinique ou hospitalier;<\/li><li>Excellentes comp\u00e9tences en communication et en relation interpersonnelle;<\/li><li>Capacit\u00e9 \u00e0 travailler de mani\u00e8re autonome et en \u00e9quipe;<\/li><li>Souci du d\u00e9tail et aptitude \u00e0 fournir des soins de qualit\u00e9 sup\u00e9rieure;<\/li><li>Connaissance des derni\u00e8res avanc\u00e9es et techniques en physioth\u00e9rapie;<\/li><li>Capacit\u00e9 \u00e0 s&rsquo;adapter aux besoins changeants des patients et \u00e0 g\u00e9rer les priorit\u00e9s.<\/li><\/ul><div>\u00a0<\/div><p><span style=\"text-decoration: underline;\"><strong>Ce que nous offrons\u00a0<\/strong><\/span><\/p><ul><li>Un environnement de travail convivial et collaboratif o\u00f9 les valeurs de sant\u00e9, de conciliation travail-famille et d\u2019\u00e9panouissement professionnel sont de mises;<\/li><li>Une \u00e9quipe engag\u00e9e et passionn\u00e9e, pr\u00eate \u00e0 partager ses connaissances et son expertise;<\/li><li>Une r\u00e9mun\u00e9ration comp\u00e9titive;<\/li><li>Programme de REER ;<\/li><li>Assurances collectives (25 hrs et plus, \u00e0 discuter selon les besoins) ;<\/li><li>Une charge de travail \u00e9quilibr\u00e9e et la gestion de votre horaire;<\/li><li>La possibilit\u00e9 de travailler avec une diversit\u00e9 de patients et de conditions m\u00e9dicales;<\/li><li>Dossiers enti\u00e8rement num\u00e9rique : horaire, dossiers patients et programmes d\u2019exercices ;<\/li><li>Une salle priv\u00e9e pour votre pratique en clinique.<\/li><\/ul><div>\u00a0<\/div><p>Nous avons h\u00e2te de d\u00e9couvrir votre talent et d&rsquo;accueillir un nouveau membre dans notre \u00e9quipe de physioth\u00e9rapeutes exceptionnels !<\/p><p>Joignez-vous \u00e0 notre \u00e9quipe et voyez votre pratique se transformer !<\/p><p>Altius Physio, au sommet de sa forme !<\/p>\t\t\t\t\t\t\t\t<\/div>\n\t\t\t\t<\/div>\n\t\t\t\t<div class=\"elementor-element elementor-element-263aaa5 elementor-widget elementor-widget-text-editor\" data-id=\"263aaa5\" data-element_type=\"widget\" data-widget_type=\"text-editor.default\">\n\t\t\t\t<div class=\"elementor-widget-container\">\n\t\t\t\t\t\t\t\t\t\n<div class=\"wpcf7 no-js\" id=\"wpcf7-f3753-o1\" lang=\"fr-FR\" dir=\"ltr\" data-wpcf7-id=\"3753\">\n<div class=\"screen-reader-response\"><p role=\"status\" aria-live=\"polite\" aria-atomic=\"true\"><\/p> <ul><\/ul><\/div>\n<form action=\"\/fr\/wp-json\/wp\/v2\/pages\/2392#wpcf7-f3753-o1\" method=\"post\" class=\"wpcf7-form init\" aria-label=\"Formulaire de contact\" enctype=\"multipart\/form-data\" novalidate=\"novalidate\" data-status=\"init\">\n<div style=\"display: none;\">\n<input type=\"hidden\" name=\"_wpcf7\" value=\"3753\" \/>\n<input type=\"hidden\" name=\"_wpcf7_version\" value=\"6.0.4\" \/>\n<input type=\"hidden\" name=\"_wpcf7_locale\" value=\"fr_FR\" \/>\n<input type=\"hidden\" name=\"_wpcf7_unit_tag\" value=\"wpcf7-f3753-o1\" \/>\n<input type=\"hidden\" name=\"_wpcf7_container_post\" value=\"0\" \/>\n<input type=\"hidden\" name=\"_wpcf7_posted_data_hash\" value=\"\" \/>\n<\/div>\n<p><label> Votre nom<br \/>\n<span class=\"wpcf7-form-control-wrap\" data-name=\"your-name\"><input size=\"40\" maxlength=\"400\" class=\"wpcf7-form-control wpcf7-text wpcf7-validates-as-required\" autocomplete=\"name\" aria-required=\"true\" aria-invalid=\"false\" value=\"\" type=\"text\" name=\"your-name\" \/><\/span> <\/label>\n<\/p>\n<p><label> Votre e-mail<br \/>\n<span class=\"wpcf7-form-control-wrap\" data-name=\"your-email\"><input size=\"40\" maxlength=\"400\" class=\"wpcf7-form-control wpcf7-email wpcf7-validates-as-required wpcf7-text wpcf7-validates-as-email\" autocomplete=\"email\" aria-required=\"true\" aria-invalid=\"false\" value=\"\" type=\"email\" name=\"your-email\" \/><\/span> <\/label>\n<\/p>\n<p><label> Objet<br \/>\n<span class=\"wpcf7-form-control-wrap\" data-name=\"your-subject\"><input size=\"40\" maxlength=\"400\" class=\"wpcf7-form-control wpcf7-text wpcf7-validates-as-required\" aria-required=\"true\" aria-invalid=\"false\" value=\"\" type=\"text\" name=\"your-subject\" \/><\/span> <\/label>\n<\/p>\n<p><label> Votre message (facultatif)<br \/>\n<span class=\"wpcf7-form-control-wrap\" data-name=\"your-message\"><textarea cols=\"40\" rows=\"10\" maxlength=\"2000\" class=\"wpcf7-form-control wpcf7-textarea\" aria-invalid=\"false\" name=\"your-message\"><\/textarea><\/span> <\/label>\n<\/p>\n<p><input class=\"wpcf7-form-control wpcf7-submit has-spinner\" type=\"submit\" value=\"Envoyer\" \/>\n<\/p>\n<p><span class=\"wpcf7-form-control-wrap\" data-name=\"cv-file\"><input size=\"40\" class=\"wpcf7-form-control wpcf7-file\" accept=\".pdf,.doc,.docx\" aria-invalid=\"false\" type=\"file\" name=\"cv-file\" \/><\/span>\n<\/p><div class=\"wpcf7-response-output\" aria-hidden=\"true\"><\/div>\n<\/form>\n<\/div>\n\t\t\t\t\t\t\t\t<\/div>\n\t\t\t\t<\/div>\n\t\t\t\t\t<\/div>\n\t\t<\/div>\n\t\t\t\t\t<\/div>\n\t\t<\/section>\n\t\t\t\t<\/div>\n\t\t","protected":false},"excerpt":{"rendered":"<p>offre d&#8217;emploi en physioth\u00e9rapie Rejoignez notre \u00e9quipe de physioth\u00e9rapeutes.&nbsp; Lieu : Altius Physio, 1069 rue principale, St-Zotique, J0P 1Z0\u00a0 Lors du Gala Les Axents, organis\u00e9 par la Chambre de commerce et d&rsquo;industrie de Vaudreuil-Soulanges en novembre 2023 :Altius Physio a \u00e9t\u00e9 nomm\u00e9e Start-up de l&rsquo;ann\u00e9eAltius Physio a \u00e9galement \u00e9t\u00e9 nomm\u00e9e Entreprise de l&rsquo;ann\u00e9e\u00a0Nous sommes \u00e0 [&hellip;]<\/p>\n","protected":false},"author":2,"featured_media":0,"parent":0,"menu_order":0,"comment_status":"closed","ping_status":"closed","template":"","meta":{"footnotes":""},"class_list":["post-2392","page","type-page","status-publish","hentry"],"_links":{"self":[{"href":"https:\/\/altiusphysio.net\/fr\/wp-json\/wp\/v2\/pages\/2392","targetHints":{"allow":["GET"]}}],"collection":[{"href":"https:\/\/altiusphysio.net\/fr\/wp-json\/wp\/v2\/pages"}],"about":[{"href":"https:\/\/altiusphysio.net\/fr\/wp-json\/wp\/v2\/types\/page"}],"author":[{"embeddable":true,"href":"https:\/\/altiusphysio.net\/fr\/wp-json\/wp\/v2\/users\/2"}],"replies":[{"embeddable":true,"href":"https:\/\/altiusphysio.net\/fr\/wp-json\/wp\/v2\/comments?post=2392"}],"version-history":[{"count":24,"href":"https:\/\/altiusphysio.net\/fr\/wp-json\/wp\/v2\/pages\/2392\/revisions"}],"predecessor-version":[{"id":3846,"href":"https:\/\/altiusphysio.net\/fr\/wp-json\/wp\/v2\/pages\/2392\/revisions\/3846"}],"wp:attachment":[{"href":"https:\/\/altiusphysio.net\/fr\/wp-json\/wp\/v2\/media?parent=2392"}],"curies":[{"name":"wp","href":"https:\/\/api.w.org\/{rel}","templated":true}]}}