{"id":2431,"date":"2023-03-16T11:33:44","date_gmt":"2023-03-16T15:33:44","guid":{"rendered":"https:\/\/altiusphysio.net\/?page_id=2431"},"modified":"2023-08-07T11:20:24","modified_gmt":"2023-08-07T15:20:24","slug":"les-5-valeurs-essentielles-pour-etre-un-bon-therapeute-chez-altius-physio","status":"publish","type":"page","link":"https:\/\/altiusphysio.net\/fr\/les-5-valeurs-essentielles-pour-etre-un-bon-therapeute-chez-altius-physio\/","title":{"rendered":"Les 5 valeurs essentielles pour \u00eatre un bon th\u00e9rapeute chez Altius Physio"},"content":{"rendered":"\t\t<div data-elementor-type=\"wp-page\" data-elementor-id=\"2431\" class=\"elementor elementor-2431\" data-elementor-post-type=\"page\">\n\t\t\t\t\t\t<section class=\"elementor-section elementor-top-section elementor-element elementor-element-bad4451 elementor-section-boxed elementor-section-height-default elementor-section-height-default\" data-id=\"bad4451\" data-element_type=\"section\">\n\t\t\t\t\t\t<div class=\"elementor-container elementor-column-gap-default\">\n\t\t\t\t\t<div class=\"elementor-column elementor-col-100 elementor-top-column elementor-element elementor-element-d89b428\" data-id=\"d89b428\" data-element_type=\"column\">\n\t\t\t<div class=\"elementor-widget-wrap elementor-element-populated\">\n\t\t\t\t\t\t<div class=\"elementor-element elementor-element-5dcb2d9 elementor-view-default elementor-widget elementor-widget-icon\" data-id=\"5dcb2d9\" data-element_type=\"widget\" data-widget_type=\"icon.default\">\n\t\t\t\t<div class=\"elementor-widget-container\">\n\t\t\t\t\t\t\t<div class=\"elementor-icon-wrapper\">\n\t\t\t<div class=\"elementor-icon\">\n\t\t\t<i aria-hidden=\"true\" class=\"fas fa-dice-five\"><\/i>\t\t\t<\/div>\n\t\t<\/div>\n\t\t\t\t\t\t<\/div>\n\t\t\t\t<\/div>\n\t\t\t\t\t<\/div>\n\t\t<\/div>\n\t\t\t\t\t<\/div>\n\t\t<\/section>\n\t\t\t\t<section class=\"elementor-section elementor-top-section elementor-element elementor-element-6fdc2d9 elementor-section-boxed elementor-section-height-default elementor-section-height-default\" data-id=\"6fdc2d9\" data-element_type=\"section\">\n\t\t\t\t\t\t<div class=\"elementor-container elementor-column-gap-default\">\n\t\t\t\t\t<div class=\"elementor-column elementor-col-100 elementor-top-column elementor-element elementor-element-67aa348\" data-id=\"67aa348\" data-element_type=\"column\">\n\t\t\t<div class=\"elementor-widget-wrap elementor-element-populated\">\n\t\t\t\t\t\t<div class=\"elementor-element elementor-element-7f3782e elementor-widget elementor-widget-text-editor\" data-id=\"7f3782e\" data-element_type=\"widget\" data-widget_type=\"text-editor.default\">\n\t\t\t\t<div class=\"elementor-widget-container\">\n\t\t\t\t\t\t\t\t\t<p>Les 5 qualit\u00e9s essentielles pour \u00eatre un bon th\u00e9rapeute chez Altius Physio<\/p>\t\t\t\t\t\t\t\t<\/div>\n\t\t\t\t<\/div>\n\t\t\t\t<div class=\"elementor-element elementor-element-de620f2 elementor-widget elementor-widget-text-editor\" data-id=\"de620f2\" data-element_type=\"widget\" data-widget_type=\"text-editor.default\">\n\t\t\t\t<div class=\"elementor-widget-container\">\n\t\t\t\t\t\t\t\t\t<p><span style=\"color: #000000;\">Quelles sont les qualit\u00e9s essentielles pour \u00eatre un bon th\u00e9rapeute chez Altius Physio ? Nous avons sond\u00e9 les th\u00e9rapeutes de la clinique et le est r\u00e9sultat surprenant !&nbsp;Effectivement, nos th\u00e9rapeutes n&rsquo;ont pas seulement donner des r\u00e9ponses concernant les connaissances du corps et les bons traitements \u00e0 apporter. Les r\u00e9ponses se situent surtout au niveau de l&rsquo;humain et des relations interpersonnelles.&nbsp;<\/span><\/p>\n<p>Nous vous pr\u00e9sentons aujourd&rsquo;hui les 5 valeurs essentielles pour&nbsp;\u00eatre un bon th\u00e9rapeute chez Altius Physio.<\/p><p><span style=\"font-size: 1rem;\"><br><\/span><\/p><p><span style=\"font-size: 1rem;\">&nbsp;<\/span><strong style=\"color: rgb(0, 128, 0); font-size: 18px;\">L&rsquo;\u00c9COUTE&nbsp;<\/strong><\/p>\n<p>S<span style=\"color: #000000;\">avoir \u00e9couter est une tr\u00e8s grande qualit\u00e9 dans la vie de tous les jours. En tant que th\u00e9rapeute, l&rsquo;\u00e9coute l&rsquo;est encore plus car elle joue \u00e0 2 niveaux.<\/span><\/p>\n<p>Le premier est <span style=\"color: #008000;\"><span style=\"font-size: 15px;\"><em><u>l&rsquo;\u00e9coute du patient<\/u><\/em><\/span><\/span><span style=\"color: #000000;\">. Prendre le temps de laisser son patient raconter son histoire, la raison de sa visite et surtout, \u00e9couter l\u2019histoire de sa douleur. Ne pas acc\u00e9l\u00e9rer ce processus permet au th\u00e9rapeute d&rsquo;\u00e9tablir un premier contact avec le patient s\u2019il est vu pour une premi\u00e8re fois, ainsi qu&rsquo;\u00e9tablir un premier diagnostic. Parfois, la blessure pour laquelle on croit venir consulter n\u2019est pas celle qui est en cause avec la douleur ressentie. Il arrive que le corps ait mal gu\u00e9rit une vieille blessure et que celle-ci ait resurgit parce qu&rsquo;un mouvement a \u00e9t\u00e9&nbsp;compenser avec un autre mouvement d\u2019une mauvaise fa\u00e7on. En \u00e9tablissant la r\u00e9elle raison de la douleur, nous parvenons ainsi \u00e0 pr\u00e9venir les \u00e9ventuelles blessures qui pourraient revenir \u00e0 r\u00e9p\u00e9tition.<\/span><\/p>\n<p>Le deuxi\u00e8me niveau est <span style=\"font-size: 15px;\"><span style=\"color: #008000;\"><em><u>l&rsquo;\u00e9coute du corps<\/u><\/em><\/span><\/span> <span style=\"color: #000000;\">de la personne qui est devant soi. Durant les manipulations, il est important de prendre en compte les r\u00e9ponses et les r\u00e9actions que le corps peut avoir. Parfois, le corps peut r\u00e9agir d\u2019une fa\u00e7on qui n\u2019est pas pr\u00e9vu et il est important d\u2019apporter les modifications n\u00e9cessaires. Chaque corps est unique, il est donc normal de pr\u00eater une attention particuli\u00e8re \u00e0 chacun des mouvements des muscles qui sont trait\u00e9s. Chaque traitement est diff\u00e9rent, d&rsquo;une personne \u00e0 une autre.<\/span><\/p>\n<p><span style=\"color: #000000;\">&nbsp;<\/span><\/p>\n<p><span style=\"color: #008000;\"><span style=\"font-size: 18px;\"><strong>L&rsquo;EMPATHIE<\/strong><\/span><\/span><\/p>\n<div style=\"text-align: justify;\"><span style=\"color: #000000;\">Savoir \u00eatre empathique est une grande force. En tant que professionnel de la sant\u00e9, savoir se mettre \u00e0 la place de l\u2019autre et comprendre ses besoins permet au th\u00e9rapeute de proc\u00e9der aux manipulations ad\u00e9quates, tout en faisant attention \u00e0 l&rsquo;\u00e9tat du patient. L\u2019empathie est l\u2019\u00e9coute sont 2 qualit\u00e9s intimement li\u00e9es car sans l\u2019une, l\u2019autre serait impossible.<br>L\u2019empathie permet \u00e9galement d\u2019anticiper les d\u00e9sirs du patient et d\u2019y r\u00e9pondre proactivement. De cette fa\u00e7on, le th\u00e9rapeute peut ainsi faire un traitement de type pr\u00e9ventif, c\u2019est-\u00e0-dire traiter un endroit sur le corps qui sera mis \u00e0 l&rsquo;\u00e9preuve dans les prochains jours, voir prochaines semaines. Cela permet ainsi au patient de r\u00e9duire ses risques de blessure.<\/span><\/div>\n<div style=\"text-align: justify;\"><span style=\"color: #000000;\"><br><\/span><span style=\"color: #000000;\"><br><\/span><\/div>\n<div style=\"text-align: justify;\">\n<div><p><span style=\"font-size: 18px;\"><span style=\"color: #008000;\"><strong>CONFIANCE EN SOI<\/strong><\/span><\/span><\/p>\n<\/div>\n<div><span style=\"color: #000000;\">Avoir confiance en soi permet au th\u00e9rapeute d\u2019affirmer son professionnalisme. Ainsi, cela lui permet d&rsquo;\u00e9tablir hors de tout doute des diagnostiques et conseiller son patient sur la marche \u00e0 suivre pour un prompt r\u00e9tablissement.<br>Avoir confiance en soi, c\u2019est aussi reconnaitre que parfois, on peut se tromper. Prendre du temps avec le patient et savoir reconnaitre nos forces et faiblesses, permet au patient une gu\u00e9rison optimale.<\/span><\/div>\n<div><span style=\"color: #000000;\">&nbsp;<\/span><\/div>\n<div><span style=\"color: #000000;\">&nbsp;<\/span><\/div>\n<div>\n<p><span style=\"color: #008000;\"><span style=\"font-size: 18px;\"><strong>RECONNAISSANCE DE SES LIMITES<\/strong><\/span><\/span><\/p>\n<div><span style=\"color: #000000;\">La reconnaissance de ses limites est probablement la qualit\u00e9 la plus essentielle. Savoir jusqu\u2019o\u00f9 nos connaissances peuvent nous servir afin d\u2019aider un patient. Ne pas tenter quelque chose de nouveau par orgueil. Heureusement, lorsque l\u2019on sait reconnaitre ses limites, il n\u2019y a pas de g\u00eane ou de honte \u00e0 fournir des r\u00e9f\u00e9rences aupr\u00e8s d\u2019autres professionnels qui eux, ont les expertises n\u00e9cessaires afin d\u2019aider au r\u00e9tablissement du patient.<\/span><\/div>\n<div><span style=\"color: #000000;\">&nbsp;<\/span><\/div>\n<div><span style=\"color: #000000;\">&nbsp;<\/span><\/div>\n<div><p><span style=\"color: #008000;\"><span style=\"font-size: 18px;\"><strong>CURIOSIT\u00c9<\/strong><\/span><\/span><\/p>\n<div><span style=\"color: #000000;\">La curiosit\u00e9 peut \u00eatre un vilain d\u00e9faut lorsqu\u2019elle n\u2019est pas utilis\u00e9e \u00e0 bon escient. Cependant, en tant que th\u00e9rapeute, la curiosit\u00e9 est un tr\u00e8s grand atout. Avoir un th\u00e9rapeute curieux signifie qu\u2019il cherche \u00e0 se renseigner constamment quant aux nouvelles avanc\u00e9es et fa\u00e7ons de faire. La curiosit\u00e9 est intimement li\u00e9e avec le d\u00e9sir de performer et d\u2019offrir le meilleur de soi.<\/span><\/div>\n<\/div>\n<div><span style=\"color: #000000;\">&nbsp;<\/span><\/div>\n<div><span style=\"color: #000000;\">&nbsp;<\/span><\/div>\n<div><span style=\"color: #000000;\">Et vous, quelles sont les qualit\u00e9s essentielles que devrait avoir un bon th\u00e9rapeute ?<\/span><\/div>\n<div><span style=\"color: #000000;\">&nbsp;<\/span><\/div>\n<\/div>\n<\/div>\t\t\t\t\t\t\t\t<\/div>\n\t\t\t\t<\/div>\n\t\t\t\t\t<\/div>\n\t\t<\/div>\n\t\t\t\t\t<\/div>\n\t\t<\/section>\n\t\t\t\t<\/div>\n\t\t","protected":false},"excerpt":{"rendered":"<p>Les 5 qualit\u00e9s essentielles pour \u00eatre un bon th\u00e9rapeute chez Altius Physio Quelles sont les qualit\u00e9s essentielles pour \u00eatre un bon th\u00e9rapeute chez Altius Physio ? Nous avons sond\u00e9 les th\u00e9rapeutes de la clinique et le est r\u00e9sultat surprenant !&nbsp;Effectivement, nos th\u00e9rapeutes n&rsquo;ont pas seulement donner des r\u00e9ponses concernant les connaissances du corps et les [&hellip;]<\/p>\n","protected":false},"author":2,"featured_media":0,"parent":0,"menu_order":0,"comment_status":"closed","ping_status":"closed","template":"","meta":{"footnotes":""},"class_list":["post-2431","page","type-page","status-publish","hentry"],"_links":{"self":[{"href":"https:\/\/altiusphysio.net\/fr\/wp-json\/wp\/v2\/pages\/2431","targetHints":{"allow":["GET"]}}],"collection":[{"href":"https:\/\/altiusphysio.net\/fr\/wp-json\/wp\/v2\/pages"}],"about":[{"href":"https:\/\/altiusphysio.net\/fr\/wp-json\/wp\/v2\/types\/page"}],"author":[{"embeddable":true,"href":"https:\/\/altiusphysio.net\/fr\/wp-json\/wp\/v2\/users\/2"}],"replies":[{"embeddable":true,"href":"https:\/\/altiusphysio.net\/fr\/wp-json\/wp\/v2\/comments?post=2431"}],"version-history":[{"count":7,"href":"https:\/\/altiusphysio.net\/fr\/wp-json\/wp\/v2\/pages\/2431\/revisions"}],"predecessor-version":[{"id":2923,"href":"https:\/\/altiusphysio.net\/fr\/wp-json\/wp\/v2\/pages\/2431\/revisions\/2923"}],"wp:attachment":[{"href":"https:\/\/altiusphysio.net\/fr\/wp-json\/wp\/v2\/media?parent=2431"}],"curies":[{"name":"wp","href":"https:\/\/api.w.org\/{rel}","templated":true}]}}