{"id":2718,"date":"2023-05-29T15:25:41","date_gmt":"2023-05-29T19:25:41","guid":{"rendered":"https:\/\/altiusphysio.net\/?page_id=2718"},"modified":"2023-05-29T15:35:23","modified_gmt":"2023-05-29T19:35:23","slug":"pourquoi-se-faire-positionner-sur-son-velo-et-quels-sont-les-avantages-de-le-faire-par-un-physiotherapeute","status":"publish","type":"page","link":"https:\/\/altiusphysio.net\/fr\/pourquoi-se-faire-positionner-sur-son-velo-et-quels-sont-les-avantages-de-le-faire-par-un-physiotherapeute\/","title":{"rendered":"Le positionnement \u00e0 v\u00e9lo"},"content":{"rendered":"\t\t<div data-elementor-type=\"wp-page\" data-elementor-id=\"2718\" class=\"elementor elementor-2718\" data-elementor-post-type=\"page\">\n\t\t\t\t\t\t<section class=\"elementor-section elementor-top-section elementor-element elementor-element-16074c5 elementor-section-boxed elementor-section-height-default elementor-section-height-default\" data-id=\"16074c5\" data-element_type=\"section\">\n\t\t\t\t\t\t<div class=\"elementor-container elementor-column-gap-default\">\n\t\t\t\t\t<div class=\"elementor-column elementor-col-100 elementor-top-column elementor-element elementor-element-bfe3737\" data-id=\"bfe3737\" data-element_type=\"column\">\n\t\t\t<div class=\"elementor-widget-wrap elementor-element-populated\">\n\t\t\t\t\t\t<div class=\"elementor-element elementor-element-d8c29b9 elementor-view-default elementor-widget elementor-widget-icon\" data-id=\"d8c29b9\" data-element_type=\"widget\" data-widget_type=\"icon.default\">\n\t\t\t\t<div class=\"elementor-widget-container\">\n\t\t\t\t\t\t\t<div class=\"elementor-icon-wrapper\">\n\t\t\t<div class=\"elementor-icon\">\n\t\t\t<i aria-hidden=\"true\" class=\"fas fa-bicycle\"><\/i>\t\t\t<\/div>\n\t\t<\/div>\n\t\t\t\t\t\t<\/div>\n\t\t\t\t<\/div>\n\t\t\t\t<div class=\"elementor-element elementor-element-936f68b elementor-widget elementor-widget-text-editor\" data-id=\"936f68b\" data-element_type=\"widget\" data-widget_type=\"text-editor.default\">\n\t\t\t\t<div class=\"elementor-widget-container\">\n\t\t\t\t\t\t\t\t\t<p><strong>Pourquoi se faire positionner sur son v\u00e9lo et quels sont les avantages \u00e0 le faire par un physioth\u00e9rapeute ?<\/strong><\/p>\t\t\t\t\t\t\t\t<\/div>\n\t\t\t\t<\/div>\n\t\t\t\t\t<\/div>\n\t\t<\/div>\n\t\t\t\t\t<\/div>\n\t\t<\/section>\n\t\t\t\t<section class=\"elementor-section elementor-top-section elementor-element elementor-element-8ab0866 elementor-section-boxed elementor-section-height-default elementor-section-height-default\" data-id=\"8ab0866\" data-element_type=\"section\">\n\t\t\t\t\t\t<div class=\"elementor-container elementor-column-gap-default\">\n\t\t\t\t\t<div class=\"elementor-column elementor-col-100 elementor-top-column elementor-element elementor-element-2ef0689\" data-id=\"2ef0689\" data-element_type=\"column\">\n\t\t\t<div class=\"elementor-widget-wrap elementor-element-populated\">\n\t\t\t\t\t\t<div class=\"elementor-element elementor-element-6730e45 elementor-widget elementor-widget-image\" data-id=\"6730e45\" data-element_type=\"widget\" data-widget_type=\"image.default\">\n\t\t\t\t<div class=\"elementor-widget-container\">\n\t\t\t\t\t\t\t\t\t\t\t\t\t\t\t<img fetchpriority=\"high\" decoding=\"async\" width=\"300\" height=\"300\" src=\"https:\/\/altiusphysio.net\/wp-content\/uploads\/2023\/05\/Positionnement-de-velo-300x300.jpg\" class=\"attachment-medium size-medium wp-image-2720\" alt=\"\" srcset=\"https:\/\/altiusphysio.net\/wp-content\/uploads\/2023\/05\/Positionnement-de-velo-300x300.jpg 300w, https:\/\/altiusphysio.net\/wp-content\/uploads\/2023\/05\/Positionnement-de-velo-150x150.jpg 150w, https:\/\/altiusphysio.net\/wp-content\/uploads\/2023\/05\/Positionnement-de-velo.jpg 612w\" sizes=\"(max-width: 300px) 100vw, 300px\" \/>\t\t\t\t\t\t\t\t\t\t\t\t\t\t\t<\/div>\n\t\t\t\t<\/div>\n\t\t\t\t\t<\/div>\n\t\t<\/div>\n\t\t\t\t\t<\/div>\n\t\t<\/section>\n\t\t\t\t<section class=\"elementor-section elementor-top-section elementor-element elementor-element-8d4bfd4 elementor-section-boxed elementor-section-height-default elementor-section-height-default\" data-id=\"8d4bfd4\" data-element_type=\"section\">\n\t\t\t\t\t\t<div class=\"elementor-container elementor-column-gap-default\">\n\t\t\t\t\t<div class=\"elementor-column elementor-col-100 elementor-top-column elementor-element elementor-element-1fc7e73\" data-id=\"1fc7e73\" data-element_type=\"column\">\n\t\t\t<div class=\"elementor-widget-wrap elementor-element-populated\">\n\t\t\t\t\t\t<div class=\"elementor-element elementor-element-e93d042 elementor-widget elementor-widget-text-editor\" data-id=\"e93d042\" data-element_type=\"widget\" data-widget_type=\"text-editor.default\">\n\t\t\t\t<div class=\"elementor-widget-container\">\n\t\t\t\t\t\t\t\t\t<p>Se faire positionner sur son v\u00e9lo est un processus important pour les cyclistes, qu&rsquo;ils soient amateurs ou professionnels. L&rsquo;objectif d&rsquo;un positionnement sur le v\u00e9lo est d&rsquo;optimiser l&rsquo;efficacit\u00e9 de p\u00e9dalage, la performance, le confort et de r\u00e9duire le risque de blessures. Un physioth\u00e9rapeute sp\u00e9cialis\u00e9 dans le positionnement sur v\u00e9lo peut apporter de nombreux avantages dans ce processus. Voici quelques raisons pour lesquelles il est b\u00e9n\u00e9fique de se faire positionner par un physioth\u00e9rapeute :<\/p><ol><li><strong>Pr\u00e9vention des blessures<\/strong> : Un positionnement inad\u00e9quat sur le v\u00e9lo peut entra\u00eener des blessures courantes chez les cyclistes, telles que des douleurs au genou, des douleurs lombaires, des engourdissements ou des picotements dans les mains et les pieds. Un physioth\u00e9rapeute peut \u00e9valuer votre posture, votre biom\u00e9canique et votre technique de p\u00e9dalage pour identifier les causes potentielles de douleur ou de blessure. En ajustant votre position sur le v\u00e9lo, il peut aider \u00e0 pr\u00e9venir ces probl\u00e8mes.<\/li><li><strong>Optimisation de la performance<\/strong> : Une position sur le v\u00e9lo bien ajust\u00e9e peut am\u00e9liorer l&rsquo;efficacit\u00e9 du p\u00e9dalage et l&rsquo;a\u00e9rodynamisme, ce qui se traduit par une meilleure performance. Un physioth\u00e9rapeute sp\u00e9cialis\u00e9 dans le positionnement sur v\u00e9lo peut effectuer des ajustements pr\u00e9cis de la hauteur de selle, de la longueur de la potence, de l&rsquo;inclinaison du guidon, etc., en fonction de vos caract\u00e9ristiques anatomiques, de votre souplesse et de vos objectifs de performance.<\/li><li><strong>Confort<\/strong> : Un positionnement correct sur le v\u00e9lo peut grandement am\u00e9liorer le confort pendant les longues sorties. Un physioth\u00e9rapeute peut prendre en compte vos besoins sp\u00e9cifiques, tels que les \u00e9ventuelles douleurs ou sensibilit\u00e9s existantes, et adapter votre position pour r\u00e9duire la pression excessive sur certaines zones du corps. Cela permet de minimiser les inconforts tels que les engourdissements, les points de pression ou les frottements.<\/li><li><strong>Adaptation aux besoins individuels<\/strong> : Chaque cycliste est unique, avec des caract\u00e9ristiques anatomiques, des habitudes de p\u00e9dalage et des objectifs diff\u00e9rents. Un physioth\u00e9rapeute sp\u00e9cialis\u00e9 dans le positionnement sur v\u00e9lo peut prendre en compte tous ces facteurs individuels et personnaliser votre position en fonction de vos besoins sp\u00e9cifiques. Cela permet d&rsquo;optimiser votre confort, votre performance et de minimiser les risques de blessures li\u00e9es \u00e0 une position inappropri\u00e9e.<\/li><li><strong>Suivi et ajustements<\/strong> : Le positionnement sur v\u00e9lo n&rsquo;est pas une solution unique et d\u00e9finitive. Votre corps et vos besoins peuvent \u00e9voluer avec le temps. Un physioth\u00e9rapeute peut effectuer un suivi r\u00e9gulier, surveiller votre \u00e9volution et apporter des ajustements en fonction de vos besoins changeants. Cela garantit une position optimale sur le v\u00e9lo \u00e0 tout moment.<\/li><\/ol><p>\u00a0<\/p><p>En r\u00e9sum\u00e9, se faire positionner sur son v\u00e9lo par un physioth\u00e9rapeute sp\u00e9cialis\u00e9 offre de nombreux avantages, tels que la pr\u00e9vention des blessures, l&rsquo;optimisation de la performance, le confort et l&rsquo;adaptation aux besoins individuels. Le physioth\u00e9rapeute peut apporter son expertise en mati\u00e8re de biom\u00e9canique, d&rsquo;\u00e9valuation posturale et de traitement des probl\u00e8mes musculo-squelettiques pour vous aider \u00e0 trouver la position id\u00e9ale sur votre v\u00e9lo pour ainsi pouvoir profiter pleinement de vos sorties.<\/p>\t\t\t\t\t\t\t\t<\/div>\n\t\t\t\t<\/div>\n\t\t\t\t\t<\/div>\n\t\t<\/div>\n\t\t\t\t\t<\/div>\n\t\t<\/section>\n\t\t\t\t<\/div>\n\t\t","protected":false},"excerpt":{"rendered":"<p>Pourquoi se faire positionner sur son v\u00e9lo et quels sont les avantages \u00e0 le faire par un physioth\u00e9rapeute ? Se faire positionner sur son v\u00e9lo est un processus important pour les cyclistes, qu&rsquo;ils soient amateurs ou professionnels. L&rsquo;objectif d&rsquo;un positionnement sur le v\u00e9lo est d&rsquo;optimiser l&rsquo;efficacit\u00e9 de p\u00e9dalage, la performance, le confort et de r\u00e9duire [&hellip;]<\/p>\n","protected":false},"author":2,"featured_media":0,"parent":0,"menu_order":0,"comment_status":"closed","ping_status":"closed","template":"","meta":{"footnotes":""},"class_list":["post-2718","page","type-page","status-publish","hentry"],"_links":{"self":[{"href":"https:\/\/altiusphysio.net\/fr\/wp-json\/wp\/v2\/pages\/2718","targetHints":{"allow":["GET"]}}],"collection":[{"href":"https:\/\/altiusphysio.net\/fr\/wp-json\/wp\/v2\/pages"}],"about":[{"href":"https:\/\/altiusphysio.net\/fr\/wp-json\/wp\/v2\/types\/page"}],"author":[{"embeddable":true,"href":"https:\/\/altiusphysio.net\/fr\/wp-json\/wp\/v2\/users\/2"}],"replies":[{"embeddable":true,"href":"https:\/\/altiusphysio.net\/fr\/wp-json\/wp\/v2\/comments?post=2718"}],"version-history":[{"count":8,"href":"https:\/\/altiusphysio.net\/fr\/wp-json\/wp\/v2\/pages\/2718\/revisions"}],"predecessor-version":[{"id":2729,"href":"https:\/\/altiusphysio.net\/fr\/wp-json\/wp\/v2\/pages\/2718\/revisions\/2729"}],"wp:attachment":[{"href":"https:\/\/altiusphysio.net\/fr\/wp-json\/wp\/v2\/media?parent=2718"}],"curies":[{"name":"wp","href":"https:\/\/api.w.org\/{rel}","templated":true}]}}