{"id":3779,"date":"2025-02-18T15:17:18","date_gmt":"2025-02-18T19:17:18","guid":{"rendered":"https:\/\/altiusphysio.net\/?page_id=3779"},"modified":"2025-02-19T11:19:48","modified_gmt":"2025-02-19T15:19:48","slug":"carriere-technologue-en-physiotherapie","status":"publish","type":"page","link":"https:\/\/altiusphysio.net\/fr\/carriere-technologue-en-physiotherapie\/","title":{"rendered":"CARRI\u00c8RE\/TECHNOLOGUE EN PHYSIOTH\u00c9RAPIE"},"content":{"rendered":"\t\t<div data-elementor-type=\"wp-page\" data-elementor-id=\"3779\" class=\"elementor elementor-3779\" data-elementor-post-type=\"page\">\n\t\t\t\t\t\t<section class=\"elementor-section elementor-top-section elementor-element elementor-element-8205606 elementor-section-height-min-height elementor-section-boxed elementor-section-height-default elementor-section-items-middle\" data-id=\"8205606\" data-element_type=\"section\" data-settings=\"{&quot;background_background&quot;:&quot;classic&quot;}\">\n\t\t\t\t\t\t\t<div class=\"elementor-background-overlay\"><\/div>\n\t\t\t\t\t\t\t<div class=\"elementor-container elementor-column-gap-default\">\n\t\t\t\t\t<div class=\"elementor-column elementor-col-100 elementor-top-column elementor-element elementor-element-d9af982 animated-fast elementor-invisible\" data-id=\"d9af982\" data-element_type=\"column\" data-settings=\"{&quot;animation&quot;:&quot;fadeInLeft&quot;}\">\n\t\t\t<div class=\"elementor-widget-wrap elementor-element-populated\">\n\t\t\t\t\t\t<div class=\"elementor-element elementor-element-7ae3984 elementor-widget elementor-widget-heading\" data-id=\"7ae3984\" data-element_type=\"widget\" data-widget_type=\"heading.default\">\n\t\t\t\t<div class=\"elementor-widget-container\">\n\t\t\t\t\t<h1 class=\"elementor-heading-title elementor-size-default\">offre d'emploi TECHNICIEN(NE) EN physioth\u00e9rapie<\/h1>\t\t\t\t<\/div>\n\t\t\t\t<\/div>\n\t\t\t\t<div class=\"elementor-element elementor-element-f2dfbca elementor-widget__width-initial elementor-widget elementor-widget-text-editor\" data-id=\"f2dfbca\" data-element_type=\"widget\" data-widget_type=\"text-editor.default\">\n\t\t\t\t<div class=\"elementor-widget-container\">\n\t\t\t\t\t\t\t\t\t<p>Rejoignez notre \u00e9quipe de th\u00e9rapeutes.<\/p>\t\t\t\t\t\t\t\t<\/div>\n\t\t\t\t<\/div>\n\t\t\t\t\t<\/div>\n\t\t<\/div>\n\t\t\t\t\t<\/div>\n\t\t<\/section>\n\t\t\t\t<section class=\"elementor-section elementor-top-section elementor-element elementor-element-0e22470 elementor-section-boxed elementor-section-height-default elementor-section-height-default\" data-id=\"0e22470\" data-element_type=\"section\">\n\t\t\t\t\t\t<div class=\"elementor-container elementor-column-gap-default\">\n\t\t\t\t\t<div class=\"elementor-column elementor-col-100 elementor-top-column elementor-element elementor-element-74a5b31\" data-id=\"74a5b31\" data-element_type=\"column\">\n\t\t\t<div class=\"elementor-widget-wrap elementor-element-populated\">\n\t\t\t\t\t\t<div class=\"elementor-element elementor-element-9f3aca4 elementor-widget elementor-widget-text-editor\" data-id=\"9f3aca4\" data-element_type=\"widget\" data-widget_type=\"text-editor.default\">\n\t\t\t\t<div class=\"elementor-widget-container\">\n\t\t\t\t\t\t\t\t\t<p><img decoding=\"async\" src=\"https:\/\/static.xx.fbcdn.net\/images\/emoji.php\/v9\/t2d\/1\/16\/1f4cd.png\" alt=\"\ud83d\udccd\" width=\"16\" height=\"16\" \/> Lieu : Altius Physio, 1069 rue principale, St-Zotique, J0P 1Z0<span style=\"font-size: 1rem;\">\u00a0<\/span><\/p><div><div><div dir=\"auto\">Lors du Gala Les Axents, organis\u00e9 par la Chambre de commerce et d&rsquo;industrie de Vaudreuil-Soulanges en novembre 2023 :<\/div><\/div><div><div dir=\"auto\"><img decoding=\"async\" src=\"https:\/\/static.xx.fbcdn.net\/images\/emoji.php\/v9\/tbe\/1\/16\/1f3c6.png\" alt=\"\ud83c\udfc6\" width=\"16\" height=\"16\" \/>Altius Physio a \u00e9t\u00e9 nomm\u00e9e Start-up de l&rsquo;ann\u00e9e<\/div><div dir=\"auto\"><img decoding=\"async\" src=\"https:\/\/static.xx.fbcdn.net\/images\/emoji.php\/v9\/tbe\/1\/16\/1f3c6.png\" alt=\"\ud83c\udfc6\" width=\"16\" height=\"16\" \/>Altius Physio a \u00e9galement \u00e9t\u00e9 nomm\u00e9e Entreprise de l&rsquo;ann\u00e9e<\/div><div dir=\"auto\">\u00a0<\/div><\/div><\/div><div><div dir=\"auto\">Nous sommes \u00e0 la recherche de professionnels dynamiques et passionn\u00e9s pour rejoindre notre \u00e9quipe en tant que technologue en physioth\u00e9rapie. Si vous \u00eates motiv\u00e9 (e) par l&rsquo;am\u00e9lioration de la qualit\u00e9 de vie des patients, que vous souhaitez travailler dans un environnement stimulant et que vous \u00eates pr\u00eat(e) \u00e0 relever de nouveaux d\u00e9fis, cette offre d&#8217;emploi est faite pour vous !<\/div><div dir=\"auto\">\u00a0<\/div><\/div><p>Chez Altius Physio, les visites avec un technologue en physioth\u00e9rapie sont d\u2019une dur\u00e9e de 45 \u00e0 60 minutes. Vous pouvez donc prendre le temps qu\u2019il faut avec vos patients afin de leur prodiguer les soins appropri\u00e9s et approfondir votre relation avec eux.\u00a0<\/p><p>Nous recevons des patients qui doivent recevoir des soins post-op\u00e9ratoires ainsi que des patients qui souffrent de blessures que l&rsquo;on peut voir plus fr\u00e9quemment (arthrose, bursite, entorse, etc&#8230;). Nous recevons \u00e9galement des athl\u00e8tes sportifs, amateurs et professionnels. Nous acceptons les patients de la SAAQ et r\u00e9f\u00e9rences de m\u00e9decins.<\/p><p><span style=\"text-decoration: underline;\"><strong>Description du poste\u00a0<\/strong><\/span><\/p><p>Nous cherchons un(e) technologue en physioth\u00e9rapie \u00e0 temps complet ou partiel pour fournir un soutien de qualit\u00e9 aux physioth\u00e9rapeutes dans l\u2019\u00e9valuation et le traitement des patients. Vous serez responsable de la mise en \u0153uvre des programmes de r\u00e9habilitation et de l\u2019accompagnement des patients dans leur cheminement vers l\u2019autonomie.<\/p><ul><li>Assister les physioth\u00e9rapeutes lors des \u00e9valuations et des traitements<strong> ;<\/strong><\/li><li>D\u00e9velopper et ex\u00e9cuter un programme d\u2019exercices fonctionnels adapt\u00e9s aux besoins des patients ;<\/li><li>Effectuer des \u00e9valuations fonctionnelles et suivre l\u2019\u00e9volution des patients ;<\/li><li>\u00c9duquer les patients sur les exercices et les techniques de gestion de la douleur ;<\/li><li>Maintenir des dossiers pr\u00e9cis et \u00e0 jour des traitements et des progr\u00e8s des patients ;<\/li><li>Collaborer avec l\u2019\u00e9quipe afin d\u2019optimiser les soins fournis ;<\/li><li>Pr\u00e9parer des lettres aux m\u00e9decins au besoins ;<\/li><li>Toutes autres t\u00e2ches connexes.<\/li><\/ul><p><strong>\u00a0<\/strong><\/p><p><strong>Exigences du poste <\/strong><\/p><ul><li>D\u00e9tenir un dipl\u00f4me d\u2019\u00e9tudes coll\u00e9giales (DEC) en techniques de physioth\u00e9rapie ou dipl\u00f4me jug\u00e9 \u00e9quivalent par les autorit\u00e9s comp\u00e9tentes ;<\/li><li>Membre actif de l\u2019Ordre des professionnels de la physioth\u00e9rapie du Qu\u00e9bec (OPPQ) ;<\/li><li>Ma\u00eetrise \u00e0 l\u2019oral et \u00e0 l\u2019\u00e9crit du fran\u00e7ais et de l\u2019anglais ;<\/li><li>Excellentes comp\u00e9tences en communication et en relations interpersonnelles ;<\/li><li>Approche empathique et professionnelle dans les soins aux patients ;<\/li><li>\u00catre en bonne forme physique et \u00eatre en mesure d\u2019intervenir afin de s\u00e9curiser un patient.<\/li><\/ul><div>\u00a0<\/div><p><strong>Ce que nous offrons <\/strong><\/p><ul><li>Une r\u00e9mun\u00e9ration comp\u00e9titive;<\/li><li>Vacances illimit\u00e9es ;<\/li><li>Programme de REER ;<\/li><li>Assurances collectives (25 hrs et plus, \u00e0 discuter selon les besoins) ;<\/li><li>Collaboration \u00e9troite avec nos physioth\u00e9rapeutes et le reste de l\u2019\u00e9quipe ;<\/li><li>Une charge de travail \u00e9quilibr\u00e9e et la gestion de votre horaire;<\/li><li>Un acc\u00e8s en ligne \u00e0 votre horaire, aux dossiers de vos patients et \u00e0 leurs programmes d\u2019exercices en tout temps;<\/li><li>Stationnement sur place.<\/li><\/ul><div>\u00a0<\/div><p>Si vous souhaitez faire partie d&rsquo;une \u00e9quipe d\u00e9vou\u00e9e qui valorise l&rsquo;excellence clinique et l&rsquo;engagement envers les patients, nous serons ravis de recevoir votre candidature.\u00a0<\/p><p>Nous avons h\u00e2te de d\u00e9couvrir votre talent et d&rsquo;accueillir de nouveaux membres dans notre \u00e9quipe de th\u00e9rapeutes exceptionnels !<\/p><p>Joignez-vous \u00e0 notre \u00e9quipe et voyez votre pratique se transformer !<\/p><p>Altius Physio, au sommet de sa forme !<\/p>\t\t\t\t\t\t\t\t<\/div>\n\t\t\t\t<\/div>\n\t\t\t\t<div class=\"elementor-element elementor-element-6c8629c elementor-widget elementor-widget-text-editor\" data-id=\"6c8629c\" data-element_type=\"widget\" data-widget_type=\"text-editor.default\">\n\t\t\t\t<div class=\"elementor-widget-container\">\n\t\t\t\t\t\t\t\t\t\n<div class=\"wpcf7 no-js\" id=\"wpcf7-f3753-o1\" lang=\"fr-FR\" dir=\"ltr\" data-wpcf7-id=\"3753\">\n<div class=\"screen-reader-response\"><p role=\"status\" aria-live=\"polite\" aria-atomic=\"true\"><\/p> <ul><\/ul><\/div>\n<form action=\"\/fr\/wp-json\/wp\/v2\/pages\/3779#wpcf7-f3753-o1\" method=\"post\" class=\"wpcf7-form init\" aria-label=\"Formulaire de contact\" enctype=\"multipart\/form-data\" novalidate=\"novalidate\" data-status=\"init\">\n<div style=\"display: none;\">\n<input type=\"hidden\" name=\"_wpcf7\" value=\"3753\" \/>\n<input type=\"hidden\" name=\"_wpcf7_version\" value=\"6.0.4\" \/>\n<input type=\"hidden\" name=\"_wpcf7_locale\" value=\"fr_FR\" \/>\n<input type=\"hidden\" name=\"_wpcf7_unit_tag\" value=\"wpcf7-f3753-o1\" \/>\n<input type=\"hidden\" name=\"_wpcf7_container_post\" value=\"0\" \/>\n<input type=\"hidden\" name=\"_wpcf7_posted_data_hash\" value=\"\" \/>\n<\/div>\n<p><label> Votre nom<br \/>\n<span class=\"wpcf7-form-control-wrap\" data-name=\"your-name\"><input size=\"40\" maxlength=\"400\" class=\"wpcf7-form-control wpcf7-text wpcf7-validates-as-required\" autocomplete=\"name\" aria-required=\"true\" aria-invalid=\"false\" value=\"\" type=\"text\" name=\"your-name\" \/><\/span> <\/label>\n<\/p>\n<p><label> Votre e-mail<br \/>\n<span class=\"wpcf7-form-control-wrap\" data-name=\"your-email\"><input size=\"40\" maxlength=\"400\" class=\"wpcf7-form-control wpcf7-email wpcf7-validates-as-required wpcf7-text wpcf7-validates-as-email\" autocomplete=\"email\" aria-required=\"true\" aria-invalid=\"false\" value=\"\" type=\"email\" name=\"your-email\" \/><\/span> <\/label>\n<\/p>\n<p><label> Objet<br \/>\n<span class=\"wpcf7-form-control-wrap\" data-name=\"your-subject\"><input size=\"40\" maxlength=\"400\" class=\"wpcf7-form-control wpcf7-text wpcf7-validates-as-required\" aria-required=\"true\" aria-invalid=\"false\" value=\"\" type=\"text\" name=\"your-subject\" \/><\/span> <\/label>\n<\/p>\n<p><label> Votre message (facultatif)<br \/>\n<span class=\"wpcf7-form-control-wrap\" data-name=\"your-message\"><textarea cols=\"40\" rows=\"10\" maxlength=\"2000\" class=\"wpcf7-form-control wpcf7-textarea\" aria-invalid=\"false\" name=\"your-message\"><\/textarea><\/span> <\/label>\n<\/p>\n<p><input class=\"wpcf7-form-control wpcf7-submit has-spinner\" type=\"submit\" value=\"Envoyer\" \/>\n<\/p>\n<p><span class=\"wpcf7-form-control-wrap\" data-name=\"cv-file\"><input size=\"40\" class=\"wpcf7-form-control wpcf7-file\" accept=\".pdf,.doc,.docx\" aria-invalid=\"false\" type=\"file\" name=\"cv-file\" \/><\/span>\n<\/p><div class=\"wpcf7-response-output\" aria-hidden=\"true\"><\/div>\n<\/form>\n<\/div>\n\t\t\t\t\t\t\t\t<\/div>\n\t\t\t\t<\/div>\n\t\t\t\t\t<\/div>\n\t\t<\/div>\n\t\t\t\t\t<\/div>\n\t\t<\/section>\n\t\t\t\t<\/div>\n\t\t","protected":false},"excerpt":{"rendered":"<p>offre d&#8217;emploi TECHNICIEN(NE) EN physioth\u00e9rapie Rejoignez notre \u00e9quipe de th\u00e9rapeutes. Lieu : Altius Physio, 1069 rue principale, St-Zotique, J0P 1Z0\u00a0 Lors du Gala Les Axents, organis\u00e9 par la Chambre de commerce et d&rsquo;industrie de Vaudreuil-Soulanges en novembre 2023 :Altius Physio a \u00e9t\u00e9 nomm\u00e9e Start-up de l&rsquo;ann\u00e9eAltius Physio a \u00e9galement \u00e9t\u00e9 nomm\u00e9e Entreprise de l&rsquo;ann\u00e9e\u00a0Nous sommes [&hellip;]<\/p>\n","protected":false},"author":2,"featured_media":0,"parent":0,"menu_order":0,"comment_status":"closed","ping_status":"closed","template":"","meta":{"footnotes":""},"class_list":["post-3779","page","type-page","status-publish","hentry"],"_links":{"self":[{"href":"https:\/\/altiusphysio.net\/fr\/wp-json\/wp\/v2\/pages\/3779","targetHints":{"allow":["GET"]}}],"collection":[{"href":"https:\/\/altiusphysio.net\/fr\/wp-json\/wp\/v2\/pages"}],"about":[{"href":"https:\/\/altiusphysio.net\/fr\/wp-json\/wp\/v2\/types\/page"}],"author":[{"embeddable":true,"href":"https:\/\/altiusphysio.net\/fr\/wp-json\/wp\/v2\/users\/2"}],"replies":[{"embeddable":true,"href":"https:\/\/altiusphysio.net\/fr\/wp-json\/wp\/v2\/comments?post=3779"}],"version-history":[{"count":15,"href":"https:\/\/altiusphysio.net\/fr\/wp-json\/wp\/v2\/pages\/3779\/revisions"}],"predecessor-version":[{"id":3871,"href":"https:\/\/altiusphysio.net\/fr\/wp-json\/wp\/v2\/pages\/3779\/revisions\/3871"}],"wp:attachment":[{"href":"https:\/\/altiusphysio.net\/fr\/wp-json\/wp\/v2\/media?parent=3779"}],"curies":[{"name":"wp","href":"https:\/\/api.w.org\/{rel}","templated":true}]}}