{"id":3795,"date":"2025-02-19T09:32:39","date_gmt":"2025-02-19T13:32:39","guid":{"rendered":"https:\/\/altiusphysio.net\/?page_id=3795"},"modified":"2025-02-19T11:42:16","modified_gmt":"2025-02-19T15:42:16","slug":"carriere-massotherapie","status":"publish","type":"page","link":"https:\/\/altiusphysio.net\/fr\/carriere-massotherapie\/","title":{"rendered":"CARRI\u00c8RE\/MASSOTH\u00c9RAPIE"},"content":{"rendered":"\t\t<div data-elementor-type=\"wp-page\" data-elementor-id=\"3795\" class=\"elementor elementor-3795\" data-elementor-post-type=\"page\">\n\t\t\t\t\t\t<section class=\"elementor-section elementor-top-section elementor-element elementor-element-53cc556 elementor-section-height-min-height elementor-section-boxed elementor-section-height-default elementor-section-items-middle\" data-id=\"53cc556\" data-element_type=\"section\" data-settings=\"{&quot;background_background&quot;:&quot;classic&quot;}\">\n\t\t\t\t\t\t\t<div class=\"elementor-background-overlay\"><\/div>\n\t\t\t\t\t\t\t<div class=\"elementor-container elementor-column-gap-default\">\n\t\t\t\t\t<div class=\"elementor-column elementor-col-100 elementor-top-column elementor-element elementor-element-22556b7 animated-fast elementor-invisible\" data-id=\"22556b7\" data-element_type=\"column\" data-settings=\"{&quot;animation&quot;:&quot;fadeInLeft&quot;}\">\n\t\t\t<div class=\"elementor-widget-wrap elementor-element-populated\">\n\t\t\t\t\t\t<div class=\"elementor-element elementor-element-004b90e elementor-widget elementor-widget-heading\" data-id=\"004b90e\" data-element_type=\"widget\" data-widget_type=\"heading.default\">\n\t\t\t\t<div class=\"elementor-widget-container\">\n\t\t\t\t\t<h1 class=\"elementor-heading-title elementor-size-default\">offre d'emploi massoth\u00e9rapeute<\/h1>\t\t\t\t<\/div>\n\t\t\t\t<\/div>\n\t\t\t\t<div class=\"elementor-element elementor-element-f884e1b elementor-widget__width-initial elementor-widget elementor-widget-text-editor\" data-id=\"f884e1b\" data-element_type=\"widget\" data-widget_type=\"text-editor.default\">\n\t\t\t\t<div class=\"elementor-widget-container\">\n\t\t\t\t\t\t\t\t\t<p>Rejoignez notre \u00e9quipe de th\u00e9rapeutes.<\/p>\t\t\t\t\t\t\t\t<\/div>\n\t\t\t\t<\/div>\n\t\t\t\t\t<\/div>\n\t\t<\/div>\n\t\t\t\t\t<\/div>\n\t\t<\/section>\n\t\t\t\t<section class=\"elementor-section elementor-top-section elementor-element elementor-element-fae7bcc elementor-section-boxed elementor-section-height-default elementor-section-height-default\" data-id=\"fae7bcc\" data-element_type=\"section\">\n\t\t\t\t\t\t<div class=\"elementor-container elementor-column-gap-default\">\n\t\t\t\t\t<div class=\"elementor-column elementor-col-100 elementor-top-column elementor-element elementor-element-77d7844\" data-id=\"77d7844\" data-element_type=\"column\">\n\t\t\t<div class=\"elementor-widget-wrap elementor-element-populated\">\n\t\t\t\t\t\t<div class=\"elementor-element elementor-element-0318014 elementor-widget elementor-widget-text-editor\" data-id=\"0318014\" data-element_type=\"widget\" data-widget_type=\"text-editor.default\">\n\t\t\t\t<div class=\"elementor-widget-container\">\n\t\t\t\t\t\t\t\t\t<p><img decoding=\"async\" src=\"https:\/\/static.xx.fbcdn.net\/images\/emoji.php\/v9\/t2d\/1\/16\/1f4cd.png\" alt=\"\ud83d\udccd\" width=\"16\" height=\"16\" \/>\u00a0Lieu : Altius Physio, 1069 rue principale, St-Zotique, J0P 1Z0\u00a0<\/p><div><div><div dir=\"auto\">Lors du Gala Les Axents, organis\u00e9 par la Chambre de commerce et d\u2019industrie de Vaudreuil-Soulanges en novembre 2023 :<\/div><\/div><div><div dir=\"auto\"><img decoding=\"async\" src=\"https:\/\/static.xx.fbcdn.net\/images\/emoji.php\/v9\/tbe\/1\/16\/1f3c6.png\" alt=\"\ud83c\udfc6\" width=\"16\" height=\"16\" \/>Altius Physio a \u00e9t\u00e9 nomm\u00e9e Start-up de l\u2019ann\u00e9e<\/div><div dir=\"auto\"><img decoding=\"async\" src=\"https:\/\/static.xx.fbcdn.net\/images\/emoji.php\/v9\/tbe\/1\/16\/1f3c6.png\" alt=\"\ud83c\udfc6\" width=\"16\" height=\"16\" \/>Altius Physio a \u00e9galement \u00e9t\u00e9 nomm\u00e9e Entreprise de l\u2019ann\u00e9e<\/div><div dir=\"auto\">\u00a0<\/div><\/div><\/div><div><div dir=\"auto\"><p>Nous sommes \u00e0 la recherche de professionnels dynamiques et passionn\u00e9s pour rejoindre notre \u00e9quipe en tant que massoth\u00e9rapeute. Si vous \u00eates un(e) travailleur(euse) autonome comp\u00e9tent(e) \u00e0 la recherche de nouvelles opportunit\u00e9s, cette offre d&#8217;emploi pourrait vous int\u00e9resser!<\/p><\/div><div dir=\"auto\">\u00a0<\/div><\/div><p><span style=\"text-decoration: underline;\"><strong>Description du poste: <\/strong><\/span><\/p><ul><li>Fournir des massages de haute qualit\u00e9 \u00e0 nos clients selon leurs besoins et leurs pr\u00e9f\u00e9rences<\/li><li>Effectuer des \u00e9valuations initiales pour \u00e9tablir les besoins sp\u00e9cifiques de chaque client<\/li><li>Adapter les techniques de massage en fonction des conditions physiques et des demandes des clients<\/li><li>Maintenir un environnement propre et s\u00e9curitaire dans les salles de massage<\/li><li>Tenir des dossiers pr\u00e9cis et \u00e0 jour des clients et de leurs traitements<\/li><li>Coop\u00e9ration avec les autres th\u00e9rapeutes de la clinique.<\/li><\/ul><p><strong>\u00a0<\/strong><\/p><p><span style=\"text-decoration: underline;\"><strong>Exigences du poste <\/strong><\/span><\/p><ul><li>Dipl\u00f4me en massoth\u00e9rapie d&rsquo;une \u00e9cole accr\u00e9dit\u00e9e (minimum 400 heures)<\/li><li>\u00catre membre d&rsquo;une association de massoth\u00e9rapie<\/li><li>Assurances en r\u00e8gle<\/li><li>Excellentes comp\u00e9tences en communication et en relation client\u00e8le<\/li><li>Capacit\u00e9 \u00e0 travailler de mani\u00e8re autonome et \u00e0 g\u00e9rer efficacement son temps<\/li><li>Connaissance approfondie des diff\u00e9rentes techniques de massage et de leurs bienfaits<\/li><\/ul><p><span style=\"text-decoration: underline;\"><strong>Ce que nous offrons <\/strong><\/span><\/p><p>En tant que travailleur(euse) autonome, vous b\u00e9n\u00e9ficierez d&rsquo;une flexibilit\u00e9 horaire et de la possibilit\u00e9 de travailler selon votre propre emploi du temps.<\/p><ul><li>Une r\u00e9mun\u00e9ration comp\u00e9titive;<\/li><li>Collaboration \u00e9troite avec nos physioth\u00e9rapeutes et le reste de l\u2019\u00e9quipe ;<\/li><li>Une charge de travail \u00e9quilibr\u00e9e et la gestion de votre horaire;<\/li><li>Un acc\u00e8s en ligne \u00e0 votre horaire, aux dossiers de vos patients et \u00e0 leurs programmes d\u2019exercices en tout temps;<\/li><li>Stationnement sur place.<\/li><\/ul><p>Si vous souhaitez faire partie d\u2019une \u00e9quipe d\u00e9vou\u00e9e qui valorise l\u2019excellence clinique et l\u2019engagement envers les patients, nous serons ravis de recevoir votre candidature.\u00a0<\/p><p>Nous avons h\u00e2te de d\u00e9couvrir votre talent et d\u2019accueillir de nouveaux membres dans notre \u00e9quipe de th\u00e9rapeutes exceptionnels !<\/p><p>Joignez-vous \u00e0 notre \u00e9quipe et voyez votre pratique se transformer !<\/p><p>Altius Physio, au sommet de sa forme !<\/p>\t\t\t\t\t\t\t\t<\/div>\n\t\t\t\t<\/div>\n\t\t\t\t<div class=\"elementor-element elementor-element-68f3a24 elementor-widget elementor-widget-text-editor\" data-id=\"68f3a24\" data-element_type=\"widget\" data-widget_type=\"text-editor.default\">\n\t\t\t\t<div class=\"elementor-widget-container\">\n\t\t\t\t\t\t\t\t\t\n<div class=\"wpcf7 no-js\" id=\"wpcf7-f3753-o1\" lang=\"fr-FR\" dir=\"ltr\" data-wpcf7-id=\"3753\">\n<div class=\"screen-reader-response\"><p role=\"status\" aria-live=\"polite\" aria-atomic=\"true\"><\/p> <ul><\/ul><\/div>\n<form action=\"\/fr\/wp-json\/wp\/v2\/pages\/3795#wpcf7-f3753-o1\" method=\"post\" class=\"wpcf7-form init\" aria-label=\"Formulaire de contact\" enctype=\"multipart\/form-data\" novalidate=\"novalidate\" data-status=\"init\">\n<div style=\"display: none;\">\n<input type=\"hidden\" name=\"_wpcf7\" value=\"3753\" \/>\n<input type=\"hidden\" name=\"_wpcf7_version\" value=\"6.0.4\" \/>\n<input type=\"hidden\" name=\"_wpcf7_locale\" value=\"fr_FR\" \/>\n<input type=\"hidden\" name=\"_wpcf7_unit_tag\" value=\"wpcf7-f3753-o1\" \/>\n<input type=\"hidden\" name=\"_wpcf7_container_post\" value=\"0\" \/>\n<input type=\"hidden\" name=\"_wpcf7_posted_data_hash\" value=\"\" \/>\n<\/div>\n<p><label> Votre nom<br \/>\n<span class=\"wpcf7-form-control-wrap\" data-name=\"your-name\"><input size=\"40\" maxlength=\"400\" class=\"wpcf7-form-control wpcf7-text wpcf7-validates-as-required\" autocomplete=\"name\" aria-required=\"true\" aria-invalid=\"false\" value=\"\" type=\"text\" name=\"your-name\" \/><\/span> <\/label>\n<\/p>\n<p><label> Votre e-mail<br \/>\n<span class=\"wpcf7-form-control-wrap\" data-name=\"your-email\"><input size=\"40\" maxlength=\"400\" class=\"wpcf7-form-control wpcf7-email wpcf7-validates-as-required wpcf7-text wpcf7-validates-as-email\" autocomplete=\"email\" aria-required=\"true\" aria-invalid=\"false\" value=\"\" type=\"email\" name=\"your-email\" \/><\/span> <\/label>\n<\/p>\n<p><label> Objet<br \/>\n<span class=\"wpcf7-form-control-wrap\" data-name=\"your-subject\"><input size=\"40\" maxlength=\"400\" class=\"wpcf7-form-control wpcf7-text wpcf7-validates-as-required\" aria-required=\"true\" aria-invalid=\"false\" value=\"\" type=\"text\" name=\"your-subject\" \/><\/span> <\/label>\n<\/p>\n<p><label> Votre message (facultatif)<br \/>\n<span class=\"wpcf7-form-control-wrap\" data-name=\"your-message\"><textarea cols=\"40\" rows=\"10\" maxlength=\"2000\" class=\"wpcf7-form-control wpcf7-textarea\" aria-invalid=\"false\" name=\"your-message\"><\/textarea><\/span> <\/label>\n<\/p>\n<p><input class=\"wpcf7-form-control wpcf7-submit has-spinner\" type=\"submit\" value=\"Envoyer\" \/>\n<\/p>\n<p><span class=\"wpcf7-form-control-wrap\" data-name=\"cv-file\"><input size=\"40\" class=\"wpcf7-form-control wpcf7-file\" accept=\".pdf,.doc,.docx\" aria-invalid=\"false\" type=\"file\" name=\"cv-file\" \/><\/span>\n<\/p><div class=\"wpcf7-response-output\" aria-hidden=\"true\"><\/div>\n<\/form>\n<\/div>\n\t\t\t\t\t\t\t\t<\/div>\n\t\t\t\t<\/div>\n\t\t\t\t\t<\/div>\n\t\t<\/div>\n\t\t\t\t\t<\/div>\n\t\t<\/section>\n\t\t\t\t<\/div>\n\t\t","protected":false},"excerpt":{"rendered":"<p>offre d&#8217;emploi massoth\u00e9rapeute Rejoignez notre \u00e9quipe de th\u00e9rapeutes. \u00a0Lieu : Altius Physio, 1069 rue principale, St-Zotique, J0P 1Z0\u00a0 Lors du Gala Les Axents, organis\u00e9 par la Chambre de commerce et d\u2019industrie de Vaudreuil-Soulanges en novembre 2023 :Altius Physio a \u00e9t\u00e9 nomm\u00e9e Start-up de l\u2019ann\u00e9eAltius Physio a \u00e9galement \u00e9t\u00e9 nomm\u00e9e Entreprise de l\u2019ann\u00e9e\u00a0 Nous sommes \u00e0 [&hellip;]<\/p>\n","protected":false},"author":2,"featured_media":0,"parent":0,"menu_order":0,"comment_status":"closed","ping_status":"closed","template":"","meta":{"footnotes":""},"class_list":["post-3795","page","type-page","status-publish","hentry"],"_links":{"self":[{"href":"https:\/\/altiusphysio.net\/fr\/wp-json\/wp\/v2\/pages\/3795","targetHints":{"allow":["GET"]}}],"collection":[{"href":"https:\/\/altiusphysio.net\/fr\/wp-json\/wp\/v2\/pages"}],"about":[{"href":"https:\/\/altiusphysio.net\/fr\/wp-json\/wp\/v2\/types\/page"}],"author":[{"embeddable":true,"href":"https:\/\/altiusphysio.net\/fr\/wp-json\/wp\/v2\/users\/2"}],"replies":[{"embeddable":true,"href":"https:\/\/altiusphysio.net\/fr\/wp-json\/wp\/v2\/comments?post=3795"}],"version-history":[{"count":15,"href":"https:\/\/altiusphysio.net\/fr\/wp-json\/wp\/v2\/pages\/3795\/revisions"}],"predecessor-version":[{"id":3895,"href":"https:\/\/altiusphysio.net\/fr\/wp-json\/wp\/v2\/pages\/3795\/revisions\/3895"}],"wp:attachment":[{"href":"https:\/\/altiusphysio.net\/fr\/wp-json\/wp\/v2\/media?parent=3795"}],"curies":[{"name":"wp","href":"https:\/\/api.w.org\/{rel}","templated":true}]}}