{"id":3950,"date":"2025-04-10T12:07:16","date_gmt":"2025-04-10T16:07:16","guid":{"rendered":"https:\/\/altiusphysio.net\/?page_id=3950"},"modified":"2025-10-16T09:38:51","modified_gmt":"2025-10-16T13:38:51","slug":"defi-altius-physio-2025","status":"publish","type":"page","link":"https:\/\/altiusphysio.net\/fr\/defi-altius-physio-2025\/","title":{"rendered":"D\u00e9fi Altius Physio 2025"},"content":{"rendered":"\t\t<div data-elementor-type=\"wp-page\" data-elementor-id=\"3950\" class=\"elementor elementor-3950\" data-elementor-post-type=\"page\">\n\t\t\t\t\t\t<section class=\"elementor-section elementor-top-section elementor-element elementor-element-9411015 elementor-section-height-min-height elementor-section-boxed elementor-section-height-default elementor-section-items-middle\" data-id=\"9411015\" data-element_type=\"section\" data-settings=\"{&quot;background_background&quot;:&quot;classic&quot;}\">\n\t\t\t\t\t\t\t<div class=\"elementor-background-overlay\"><\/div>\n\t\t\t\t\t\t\t<div class=\"elementor-container elementor-column-gap-default\">\n\t\t\t\t\t<div class=\"elementor-column elementor-col-100 elementor-top-column elementor-element elementor-element-dd5a5ec animated-fast elementor-invisible\" data-id=\"dd5a5ec\" data-element_type=\"column\" data-settings=\"{&quot;animation&quot;:&quot;fadeInLeft&quot;}\">\n\t\t\t<div class=\"elementor-widget-wrap elementor-element-populated\">\n\t\t\t\t\t\t<div class=\"elementor-element elementor-element-296bd4c elementor-widget elementor-widget-heading\" data-id=\"296bd4c\" data-element_type=\"widget\" data-widget_type=\"heading.default\">\n\t\t\t\t<div class=\"elementor-widget-container\">\n\t\t\t\t\t<h1 class=\"elementor-heading-title elementor-size-default\">D\u00c9FI ALTIUS PHYSIO 3E \u00c9DITION<\/h1>\t\t\t\t<\/div>\n\t\t\t\t<\/div>\n\t\t\t\t<div class=\"elementor-element elementor-element-7004950 elementor-widget__width-initial elementor-widget elementor-widget-text-editor\" data-id=\"7004950\" data-element_type=\"widget\" data-widget_type=\"text-editor.default\">\n\t\t\t\t<div class=\"elementor-widget-container\">\n\t\t\t\t\t\t\t\t\t<p>D\u00e9fi de course \u00e0 pied au profit de la Fondation Paul-Leboeuf<\/p>\t\t\t\t\t\t\t\t<\/div>\n\t\t\t\t<\/div>\n\t\t\t\t\t<\/div>\n\t\t<\/div>\n\t\t\t\t\t<\/div>\n\t\t<\/section>\n\t\t\t\t<section class=\"elementor-section elementor-top-section elementor-element elementor-element-686eae7 elementor-section-boxed elementor-section-height-default elementor-section-height-default\" data-id=\"686eae7\" data-element_type=\"section\">\n\t\t\t\t\t\t<div class=\"elementor-container elementor-column-gap-default\">\n\t\t\t\t\t<div class=\"elementor-column elementor-col-100 elementor-top-column elementor-element elementor-element-af64b1a\" data-id=\"af64b1a\" data-element_type=\"column\">\n\t\t\t<div class=\"elementor-widget-wrap elementor-element-populated\">\n\t\t\t\t\t\t<div class=\"elementor-element elementor-element-95b1783 elementor-widget elementor-widget-image\" data-id=\"95b1783\" data-element_type=\"widget\" data-widget_type=\"image.default\">\n\t\t\t\t<div class=\"elementor-widget-container\">\n\t\t\t\t\t\t\t\t\t\t\t\t\t\t\t<img fetchpriority=\"high\" decoding=\"async\" width=\"300\" height=\"300\" src=\"https:\/\/altiusphysio.net\/wp-content\/uploads\/2025\/04\/Defi-Altius-Physio-3e-edition-logo-300x300.png\" class=\"attachment-medium size-medium wp-image-3953\" alt=\"\" srcset=\"https:\/\/altiusphysio.net\/wp-content\/uploads\/2025\/04\/Defi-Altius-Physio-3e-edition-logo-300x300.png 300w, https:\/\/altiusphysio.net\/wp-content\/uploads\/2025\/04\/Defi-Altius-Physio-3e-edition-logo-1024x1024.png 1024w, https:\/\/altiusphysio.net\/wp-content\/uploads\/2025\/04\/Defi-Altius-Physio-3e-edition-logo-150x150.png 150w, https:\/\/altiusphysio.net\/wp-content\/uploads\/2025\/04\/Defi-Altius-Physio-3e-edition-logo-768x768.png 768w, https:\/\/altiusphysio.net\/wp-content\/uploads\/2025\/04\/Defi-Altius-Physio-3e-edition-logo.png 1500w\" sizes=\"(max-width: 300px) 100vw, 300px\" \/>\t\t\t\t\t\t\t\t\t\t\t\t\t\t\t<\/div>\n\t\t\t\t<\/div>\n\t\t\t\t<section class=\"elementor-section elementor-inner-section elementor-element elementor-element-a793c77 elementor-section-boxed elementor-section-height-default elementor-section-height-default\" data-id=\"a793c77\" data-element_type=\"section\">\n\t\t\t\t\t\t<div class=\"elementor-container elementor-column-gap-default\">\n\t\t\t\t\t<div class=\"elementor-column elementor-col-50 elementor-inner-column elementor-element elementor-element-c7cb1bd\" data-id=\"c7cb1bd\" data-element_type=\"column\">\n\t\t\t<div class=\"elementor-widget-wrap elementor-element-populated\">\n\t\t\t\t\t\t<div class=\"elementor-element elementor-element-dca4daf elementor-widget elementor-widget-text-editor\" data-id=\"dca4daf\" data-element_type=\"widget\" data-widget_type=\"text-editor.default\">\n\t\t\t\t<div class=\"elementor-widget-container\">\n\t\t\t\t\t\t\t\t\t<p>Nous sommes ravis de vous annoncer officiellement que la 3e \u00e9dition du D\u00e9fi Altius Physio aura lieu le 18 octobre prochain, au magnifique Parc Desforges de\u00a0 Coteau-du-lac. Les coureurs auront la chance de pouvoir courir tout en admirant la beaut\u00e9 des paysages offerts par la piste cyclable du Canal de Soulanges.<\/p><p>\u00a0Une opportunit\u00e9 s&rsquo;offre une fois de plus \u00e0 nous tous de nous rassembler pour une noble cause : amasser des fonds pour la Fondation Paul-Leboeuf. En unissant nos forces et en partageant notre passion pour l&rsquo;activit\u00e9 physique et le bien-\u00eatre, nous pouvons contribuer de mani\u00e8re significative \u00e0 soutenir cette cause importante.\u00a0<\/p><p>Les trajets propos\u00e9s incluent des distances de 1 km, 5 km et 10 km, donc il y en aura certainement un qui conviendra parfaitement \u00e0 vos pr\u00e9f\u00e9rences.<\/p><p>Mais ce n&rsquo;est pas tout ! Le d\u00e9fi entreprise, qui a rencontr\u00e9 un franc succ\u00e8s l&rsquo;ann\u00e9e derni\u00e8re, est de retour en force. Nous lan\u00e7ons un appel \u00e0 toutes les entreprises int\u00e9ress\u00e9es : formez vos \u00e9quipes de 2 \u00e0 5 personnes et relevez le d\u00e9fi du parcours de 10 km \u00e0 relais. C&rsquo;est l&rsquo;occasion parfaite de renforcer l&rsquo;esprit d&rsquo;\u00e9quipe tout en soutenant une cause caritative.<\/p>\t\t\t\t\t\t\t\t<\/div>\n\t\t\t\t<\/div>\n\t\t\t\t\t<\/div>\n\t\t<\/div>\n\t\t\t\t<div class=\"elementor-column elementor-col-50 elementor-inner-column elementor-element elementor-element-8cda693\" data-id=\"8cda693\" data-element_type=\"column\">\n\t\t\t<div class=\"elementor-widget-wrap elementor-element-populated\">\n\t\t\t\t\t\t<div class=\"elementor-element elementor-element-8fa8df6 elementor-widget elementor-widget-image\" data-id=\"8fa8df6\" data-element_type=\"widget\" data-widget_type=\"image.default\">\n\t\t\t\t<div class=\"elementor-widget-container\">\n\t\t\t\t\t\t\t\t\t\t\t\t\t\t\t<img decoding=\"async\" width=\"800\" height=\"534\" src=\"https:\/\/altiusphysio.net\/wp-content\/uploads\/2025\/04\/20241019-LArtdeCapter-0596-1024x683.jpg\" class=\"attachment-large size-large wp-image-3957\" alt=\"\" srcset=\"https:\/\/altiusphysio.net\/wp-content\/uploads\/2025\/04\/20241019-LArtdeCapter-0596-1024x683.jpg 1024w, https:\/\/altiusphysio.net\/wp-content\/uploads\/2025\/04\/20241019-LArtdeCapter-0596-300x200.jpg 300w, https:\/\/altiusphysio.net\/wp-content\/uploads\/2025\/04\/20241019-LArtdeCapter-0596-768x512.jpg 768w, https:\/\/altiusphysio.net\/wp-content\/uploads\/2025\/04\/20241019-LArtdeCapter-0596-1536x1024.jpg 1536w, https:\/\/altiusphysio.net\/wp-content\/uploads\/2025\/04\/20241019-LArtdeCapter-0596-scaled.jpg 2048w\" sizes=\"(max-width: 800px) 100vw, 800px\" \/>\t\t\t\t\t\t\t\t\t\t\t\t\t\t\t<\/div>\n\t\t\t\t<\/div>\n\t\t\t\t\t<\/div>\n\t\t<\/div>\n\t\t\t\t\t<\/div>\n\t\t<\/section>\n\t\t\t\t\t<\/div>\n\t\t<\/div>\n\t\t\t\t\t<\/div>\n\t\t<\/section>\n\t\t\t\t<section class=\"elementor-section elementor-top-section elementor-element elementor-element-e76d3b2 elementor-section-boxed elementor-section-height-default elementor-section-height-default\" data-id=\"e76d3b2\" data-element_type=\"section\">\n\t\t\t\t\t\t<div class=\"elementor-container elementor-column-gap-default\">\n\t\t\t\t\t<div class=\"elementor-column elementor-col-100 elementor-top-column elementor-element elementor-element-af3ba4f\" data-id=\"af3ba4f\" data-element_type=\"column\">\n\t\t\t<div class=\"elementor-widget-wrap elementor-element-populated\">\n\t\t\t\t\t\t<div class=\"elementor-element elementor-element-087ea81 elementor-widget elementor-widget-text-editor\" data-id=\"087ea81\" data-element_type=\"widget\" data-widget_type=\"text-editor.default\">\n\t\t\t\t<div class=\"elementor-widget-container\">\n\t\t\t\t\t\t\t\t\t<h1>LA FONDATION PAUL-LEBOEUF<\/h1>\t\t\t\t\t\t\t\t<\/div>\n\t\t\t\t<\/div>\n\t\t\t\t\t<\/div>\n\t\t<\/div>\n\t\t\t\t\t<\/div>\n\t\t<\/section>\n\t\t\t\t<section class=\"elementor-section elementor-top-section elementor-element elementor-element-019e099 elementor-section-boxed elementor-section-height-default elementor-section-height-default\" data-id=\"019e099\" data-element_type=\"section\">\n\t\t\t\t\t\t<div class=\"elementor-container elementor-column-gap-default\">\n\t\t\t\t\t<div class=\"elementor-column elementor-col-33 elementor-top-column elementor-element elementor-element-bc7d7e1\" data-id=\"bc7d7e1\" data-element_type=\"column\">\n\t\t\t<div class=\"elementor-widget-wrap elementor-element-populated\">\n\t\t\t\t\t\t<div class=\"elementor-element elementor-element-6b9d3f1 elementor-widget elementor-widget-image\" data-id=\"6b9d3f1\" data-element_type=\"widget\" data-widget_type=\"image.default\">\n\t\t\t\t<div class=\"elementor-widget-container\">\n\t\t\t\t\t\t\t\t\t\t\t\t\t\t\t<img decoding=\"async\" width=\"800\" height=\"800\" src=\"https:\/\/altiusphysio.net\/wp-content\/uploads\/2025\/04\/Logo_Fondation_P_Leboeuf1-1024x1024.jpg\" class=\"attachment-large size-large wp-image-3961\" alt=\"\" srcset=\"https:\/\/altiusphysio.net\/wp-content\/uploads\/2025\/04\/Logo_Fondation_P_Leboeuf1-1024x1024.jpg 1024w, https:\/\/altiusphysio.net\/wp-content\/uploads\/2025\/04\/Logo_Fondation_P_Leboeuf1-300x300.jpg 300w, https:\/\/altiusphysio.net\/wp-content\/uploads\/2025\/04\/Logo_Fondation_P_Leboeuf1-150x150.jpg 150w, https:\/\/altiusphysio.net\/wp-content\/uploads\/2025\/04\/Logo_Fondation_P_Leboeuf1-768x768.jpg 768w, https:\/\/altiusphysio.net\/wp-content\/uploads\/2025\/04\/Logo_Fondation_P_Leboeuf1-1536x1536.jpg 1536w, https:\/\/altiusphysio.net\/wp-content\/uploads\/2025\/04\/Logo_Fondation_P_Leboeuf1-scaled.jpg 2048w\" sizes=\"(max-width: 800px) 100vw, 800px\" \/>\t\t\t\t\t\t\t\t\t\t\t\t\t\t\t<\/div>\n\t\t\t\t<\/div>\n\t\t\t\t\t<\/div>\n\t\t<\/div>\n\t\t\t\t<div class=\"elementor-column elementor-col-33 elementor-top-column elementor-element elementor-element-650888b\" data-id=\"650888b\" data-element_type=\"column\">\n\t\t\t<div class=\"elementor-widget-wrap elementor-element-populated\">\n\t\t\t\t\t\t<div class=\"elementor-element elementor-element-b202ca5 elementor-widget elementor-widget-text-editor\" data-id=\"b202ca5\" data-element_type=\"widget\" data-widget_type=\"text-editor.default\">\n\t\t\t\t<div class=\"elementor-widget-container\">\n\t\t\t\t\t\t\t\t\t<p>La Fondation Paul-Leboeuf offre des services de r\u00e9pits et de camp de jour \u00e0 des enfants ayant des besoins particuliers au Centre Notre-Dame-de-Fatima.<\/p><p>Le Centre accueille une client\u00e8le \u00e0 besoins particuliers exclusivement. Pour cette raison, l\u2019existence de la Fondation Paul-Leboeuf est d\u2019autant plus importante car elle constitue une source importante de revenus et de soutien pour les activit\u00e9s s\u2019adressant \u00e0 ces jeunes campeurs qui adorent le Centre Notre-Dame-de-Fatima, ce dernier changeant \u00e0 tout jamais leur vie!<\/p><p>Pour plus de d\u00e9tails concernant les activit\u00e9s et services de la Fondation, veuillez consulter leur site web :<\/p><p><a style=\"background-color: #ffffff;\" href=\"https:\/\/www.fondationpl.ca\/\">Fondation Paul-Leboeuf<\/a><\/p>\t\t\t\t\t\t\t\t<\/div>\n\t\t\t\t<\/div>\n\t\t\t\t\t<\/div>\n\t\t<\/div>\n\t\t\t\t<div class=\"elementor-column elementor-col-33 elementor-top-column elementor-element elementor-element-8959003\" data-id=\"8959003\" data-element_type=\"column\">\n\t\t\t<div class=\"elementor-widget-wrap elementor-element-populated\">\n\t\t\t\t\t\t<div class=\"elementor-element elementor-element-67f4976 elementor-widget elementor-widget-image\" data-id=\"67f4976\" data-element_type=\"widget\" data-widget_type=\"image.default\">\n\t\t\t\t<div class=\"elementor-widget-container\">\n\t\t\t\t\t\t\t\t\t\t\t\t\t\t\t<img loading=\"lazy\" decoding=\"async\" width=\"660\" height=\"880\" src=\"https:\/\/altiusphysio.net\/wp-content\/uploads\/2025\/04\/IMG_6062.jpg\" class=\"attachment-large size-large wp-image-3959\" alt=\"\" srcset=\"https:\/\/altiusphysio.net\/wp-content\/uploads\/2025\/04\/IMG_6062.jpg 660w, https:\/\/altiusphysio.net\/wp-content\/uploads\/2025\/04\/IMG_6062-225x300.jpg 225w\" sizes=\"(max-width: 660px) 100vw, 660px\" \/>\t\t\t\t\t\t\t\t\t\t\t\t\t\t\t<\/div>\n\t\t\t\t<\/div>\n\t\t\t\t\t<\/div>\n\t\t<\/div>\n\t\t\t\t\t<\/div>\n\t\t<\/section>\n\t\t\t\t<section class=\"elementor-section elementor-top-section elementor-element elementor-element-f2f65e5 elementor-section-boxed elementor-section-height-default elementor-section-height-default\" data-id=\"f2f65e5\" data-element_type=\"section\">\n\t\t\t\t\t\t<div class=\"elementor-container elementor-column-gap-default\">\n\t\t\t\t\t<div class=\"elementor-column elementor-col-100 elementor-top-column elementor-element elementor-element-b2ffc89\" data-id=\"b2ffc89\" data-element_type=\"column\">\n\t\t\t<div class=\"elementor-widget-wrap elementor-element-populated\">\n\t\t\t\t\t\t<div class=\"elementor-element elementor-element-1f10c1c elementor-widget elementor-widget-spacer\" data-id=\"1f10c1c\" data-element_type=\"widget\" data-widget_type=\"spacer.default\">\n\t\t\t\t<div class=\"elementor-widget-container\">\n\t\t\t\t\t\t\t<div class=\"elementor-spacer\">\n\t\t\t<div class=\"elementor-spacer-inner\"><\/div>\n\t\t<\/div>\n\t\t\t\t\t\t<\/div>\n\t\t\t\t<\/div>\n\t\t\t\t<div class=\"elementor-element elementor-element-3104311 elementor-widget elementor-widget-text-editor\" data-id=\"3104311\" data-element_type=\"widget\" data-widget_type=\"text-editor.default\">\n\t\t\t\t<div class=\"elementor-widget-container\">\n\t\t\t\t\t\t\t\t\t<h1>INSCRIPTIONS<\/h1>\t\t\t\t\t\t\t\t<\/div>\n\t\t\t\t<\/div>\n\t\t\t\t<div class=\"elementor-element elementor-element-5ee352b elementor-align-center elementor-widget elementor-widget-button\" data-id=\"5ee352b\" data-element_type=\"widget\" data-widget_type=\"button.default\">\n\t\t\t\t<div class=\"elementor-widget-container\">\n\t\t\t\t\t\t\t\t\t<div class=\"elementor-button-wrapper\">\n\t\t\t\t\t<a class=\"elementor-button elementor-button-link elementor-size-sm\" href=\"https:\/\/events.hakuapp.com\/defi-altius\">\n\t\t\t\t\t\t<span class=\"elementor-button-content-wrapper\">\n\t\t\t\t\t\t\t\t\t<span class=\"elementor-button-text\">Cliquez ici pour proc\u00e9der \u00e0 votre inscription<\/span>\n\t\t\t\t\t<\/span>\n\t\t\t\t\t<\/a>\n\t\t\t\t<\/div>\n\t\t\t\t\t\t\t\t<\/div>\n\t\t\t\t<\/div>\n\t\t\t\t<div class=\"elementor-element elementor-element-725247a elementor-widget elementor-widget-text-editor\" data-id=\"725247a\" data-element_type=\"widget\" data-widget_type=\"text-editor.default\">\n\t\t\t\t<div class=\"elementor-widget-container\">\n\t\t\t\t\t\t\t\t\t<p>LIEU : PARC DESFORGES<\/p>\n<p>DATE : 18 OCTOBRE 2025<\/p>\t\t\t\t\t\t\t\t<\/div>\n\t\t\t\t<\/div>\n\t\t\t\t<div class=\"elementor-element elementor-element-b8f35d5 elementor-widget elementor-widget-text-editor\" data-id=\"b8f35d5\" data-element_type=\"widget\" data-widget_type=\"text-editor.default\">\n\t\t\t\t<div class=\"elementor-widget-container\">\n\t\t\t\t\t\t\t\t\t<p>Les inscriptions sont ouvertes d\u00e8s maintenant !<\/p><p>Joignez-vous \u00e0 nous pour vous d\u00e9passer dans l&rsquo;un des parcours propos\u00e9s.<\/p>\t\t\t\t\t\t\t\t<\/div>\n\t\t\t\t<\/div>\n\t\t\t\t\t<\/div>\n\t\t<\/div>\n\t\t\t\t\t<\/div>\n\t\t<\/section>\n\t\t\t\t<section class=\"elementor-section elementor-top-section elementor-element elementor-element-cbc6596 elementor-section-boxed elementor-section-height-default elementor-section-height-default\" data-id=\"cbc6596\" data-element_type=\"section\">\n\t\t\t\t\t\t<div class=\"elementor-container elementor-column-gap-default\">\n\t\t\t\t\t<div class=\"elementor-column elementor-col-100 elementor-top-column elementor-element elementor-element-6a7057f\" data-id=\"6a7057f\" data-element_type=\"column\">\n\t\t\t<div class=\"elementor-widget-wrap elementor-element-populated\">\n\t\t\t\t\t\t<div class=\"elementor-element elementor-element-f72c426 elementor-widget elementor-widget-spacer\" data-id=\"f72c426\" data-element_type=\"widget\" data-widget_type=\"spacer.default\">\n\t\t\t\t<div class=\"elementor-widget-container\">\n\t\t\t\t\t\t\t<div class=\"elementor-spacer\">\n\t\t\t<div class=\"elementor-spacer-inner\"><\/div>\n\t\t<\/div>\n\t\t\t\t\t\t<\/div>\n\t\t\t\t<\/div>\n\t\t\t\t\t<\/div>\n\t\t<\/div>\n\t\t\t\t\t<\/div>\n\t\t<\/section>\n\t\t\t\t<section class=\"elementor-section elementor-top-section elementor-element elementor-element-c7de693 elementor-section-boxed elementor-section-height-default elementor-section-height-default\" data-id=\"c7de693\" data-element_type=\"section\">\n\t\t\t\t\t\t<div class=\"elementor-container elementor-column-gap-default\">\n\t\t\t\t\t<div class=\"elementor-column elementor-col-100 elementor-top-column elementor-element elementor-element-590f4b0\" data-id=\"590f4b0\" data-element_type=\"column\">\n\t\t\t<div class=\"elementor-widget-wrap elementor-element-populated\">\n\t\t\t\t\t\t<div class=\"elementor-element elementor-element-46f7c10 elementor-widget elementor-widget-image\" data-id=\"46f7c10\" data-element_type=\"widget\" data-widget_type=\"image.default\">\n\t\t\t\t<div class=\"elementor-widget-container\">\n\t\t\t\t\t\t\t\t\t\t\t\t\t\t\t<img loading=\"lazy\" decoding=\"async\" width=\"768\" height=\"644\" src=\"https:\/\/altiusphysio.net\/wp-content\/uploads\/2025\/04\/Horaire-des-departs-5-768x644.png\" class=\"attachment-medium_large size-medium_large wp-image-3963\" alt=\"\" srcset=\"https:\/\/altiusphysio.net\/wp-content\/uploads\/2025\/04\/Horaire-des-departs-5-768x644.png 768w, https:\/\/altiusphysio.net\/wp-content\/uploads\/2025\/04\/Horaire-des-departs-5-300x251.png 300w, https:\/\/altiusphysio.net\/wp-content\/uploads\/2025\/04\/Horaire-des-departs-5-1024x858.png 1024w, https:\/\/altiusphysio.net\/wp-content\/uploads\/2025\/04\/Horaire-des-departs-5-1536x1288.png 1536w, https:\/\/altiusphysio.net\/wp-content\/uploads\/2025\/04\/Horaire-des-departs-5.png 2048w\" sizes=\"(max-width: 768px) 100vw, 768px\" \/>\t\t\t\t\t\t\t\t\t\t\t\t\t\t\t<\/div>\n\t\t\t\t<\/div>\n\t\t\t\t\t<\/div>\n\t\t<\/div>\n\t\t\t\t\t<\/div>\n\t\t<\/section>\n\t\t\t\t<section class=\"elementor-section elementor-top-section elementor-element elementor-element-741f655 elementor-section-boxed elementor-section-height-default elementor-section-height-default\" data-id=\"741f655\" data-element_type=\"section\">\n\t\t\t\t\t\t<div class=\"elementor-container elementor-column-gap-default\">\n\t\t\t\t\t<div class=\"elementor-column elementor-col-100 elementor-top-column elementor-element elementor-element-d79b221\" data-id=\"d79b221\" data-element_type=\"column\">\n\t\t\t<div class=\"elementor-widget-wrap elementor-element-populated\">\n\t\t\t\t\t\t<div class=\"elementor-element elementor-element-2d2546c elementor-widget elementor-widget-spacer\" data-id=\"2d2546c\" data-element_type=\"widget\" data-widget_type=\"spacer.default\">\n\t\t\t\t<div class=\"elementor-widget-container\">\n\t\t\t\t\t\t\t<div class=\"elementor-spacer\">\n\t\t\t<div class=\"elementor-spacer-inner\"><\/div>\n\t\t<\/div>\n\t\t\t\t\t\t<\/div>\n\t\t\t\t<\/div>\n\t\t\t\t<div class=\"elementor-element elementor-element-dbff3c4 elementor-widget elementor-widget-text-editor\" data-id=\"dbff3c4\" data-element_type=\"widget\" data-widget_type=\"text-editor.default\">\n\t\t\t\t<div class=\"elementor-widget-container\">\n\t\t\t\t\t\t\t\t\t<h1>MERCI \u00c0 TOUS NOS PARTENAIRES<\/h1>\t\t\t\t\t\t\t\t<\/div>\n\t\t\t\t<\/div>\n\t\t\t\t\t<\/div>\n\t\t<\/div>\n\t\t\t\t\t<\/div>\n\t\t<\/section>\n\t\t\t\t<section class=\"elementor-section elementor-top-section elementor-element elementor-element-8cf48fe elementor-section-boxed elementor-section-height-default elementor-section-height-default\" data-id=\"8cf48fe\" data-element_type=\"section\">\n\t\t\t\t\t\t<div class=\"elementor-container elementor-column-gap-default\">\n\t\t\t\t\t<div class=\"elementor-column elementor-col-100 elementor-top-column elementor-element elementor-element-a22e5ef\" data-id=\"a22e5ef\" data-element_type=\"column\">\n\t\t\t<div class=\"elementor-widget-wrap elementor-element-populated\">\n\t\t\t\t\t\t<div class=\"elementor-element elementor-element-39c3e02 elementor--h-position-center elementor--v-position-middle elementor-arrows-position-inside elementor-pagination-position-inside elementor-widget elementor-widget-slides\" data-id=\"39c3e02\" data-element_type=\"widget\" data-settings=\"{&quot;navigation&quot;:&quot;both&quot;,&quot;autoplay&quot;:&quot;yes&quot;,&quot;pause_on_hover&quot;:&quot;yes&quot;,&quot;pause_on_interaction&quot;:&quot;yes&quot;,&quot;autoplay_speed&quot;:5000,&quot;infinite&quot;:&quot;yes&quot;,&quot;transition&quot;:&quot;slide&quot;,&quot;transition_speed&quot;:500}\" data-widget_type=\"slides.default\">\n\t\t\t\t<div class=\"elementor-widget-container\">\n\t\t\t\t\t\t\t\t\t<div class=\"elementor-swiper\">\n\t\t\t\t\t<div class=\"elementor-slides-wrapper elementor-main-swiper swiper\" role=\"region\" aria-roledescription=\"carousel\" aria-label=\"Diapositives\" dir=\"ltr\" data-animation=\"fadeInUp\">\n\t\t\t\t<div class=\"swiper-wrapper elementor-slides\">\n\t\t\t\t\t\t\t\t\t\t<div class=\"elementor-repeater-item-0207de0 swiper-slide\" role=\"group\" aria-roledescription=\"slide\"><div class=\"swiper-slide-bg\" role=\"img\"><\/div><a class=\"swiper-slide-inner\" href=\"https:\/\/www.facebook.com\/profile.php?id=61573040643460\"><div class=\"swiper-slide-contents\"><\/div><\/a><\/div><div class=\"elementor-repeater-item-5226ced swiper-slide\" role=\"group\" aria-roledescription=\"slide\"><div class=\"swiper-slide-bg\" role=\"img\"><\/div><div class=\"swiper-slide-inner\" ><div class=\"swiper-slide-contents\"><\/div><\/div><\/div><div class=\"elementor-repeater-item-a6b8b9e swiper-slide\" role=\"group\" aria-roledescription=\"slide\"><div class=\"swiper-slide-bg\" role=\"img\"><\/div><div class=\"swiper-slide-inner\" ><div class=\"swiper-slide-contents\"><\/div><\/div><\/div><div class=\"elementor-repeater-item-d524c74 swiper-slide\" role=\"group\" aria-roledescription=\"slide\"><div class=\"swiper-slide-bg\" role=\"img\"><\/div><div class=\"swiper-slide-inner\" ><div class=\"swiper-slide-contents\"><\/div><\/div><\/div><div class=\"elementor-repeater-item-0b00821 swiper-slide\" role=\"group\" aria-roledescription=\"slide\"><div class=\"swiper-slide-bg\" role=\"img\"><\/div><div class=\"swiper-slide-inner\" ><div class=\"swiper-slide-contents\"><\/div><\/div><\/div><div class=\"elementor-repeater-item-161a656 swiper-slide\" role=\"group\" aria-roledescription=\"slide\"><div class=\"swiper-slide-bg\" role=\"img\"><\/div><div class=\"swiper-slide-inner\" ><div class=\"swiper-slide-contents\"><\/div><\/div><\/div><div class=\"elementor-repeater-item-944812f swiper-slide\" role=\"group\" aria-roledescription=\"slide\"><div class=\"swiper-slide-bg\" role=\"img\"><\/div><div class=\"swiper-slide-inner\" ><div class=\"swiper-slide-contents\"><\/div><\/div><\/div><div class=\"elementor-repeater-item-14525e8 swiper-slide\" role=\"group\" aria-roledescription=\"slide\"><div class=\"swiper-slide-bg\" role=\"img\"><\/div><div class=\"swiper-slide-inner\" ><div class=\"swiper-slide-contents\"><\/div><\/div><\/div><div class=\"elementor-repeater-item-f3883af swiper-slide\" role=\"group\" aria-roledescription=\"slide\"><div class=\"swiper-slide-bg\" role=\"img\"><\/div><div class=\"swiper-slide-inner\" ><div class=\"swiper-slide-contents\"><div  class=\"elementor-button elementor-slide-button elementor-size-sm\">Cliquer ici<\/div><\/div><\/div><\/div>\t\t\t\t<\/div>\n\t\t\t\t\t\t\t\t\t\t\t\t\t\t\t<div class=\"elementor-swiper-button elementor-swiper-button-prev\" role=\"button\" tabindex=\"0\" aria-label=\"Diapositive pr\u00e9c\u00e9dente\">\n\t\t\t\t\t\t\t<i aria-hidden=\"true\" class=\"eicon-chevron-left\"><\/i>\t\t\t\t\t\t<\/div>\n\t\t\t\t\t\t<div class=\"elementor-swiper-button elementor-swiper-button-next\" role=\"button\" tabindex=\"0\" aria-label=\"Diapositive suivante\">\n\t\t\t\t\t\t\t<i aria-hidden=\"true\" class=\"eicon-chevron-right\"><\/i>\t\t\t\t\t\t<\/div>\n\t\t\t\t\t\t\t\t\t\t\t\t\t\t\t\t<div class=\"swiper-pagination\"><\/div>\n\t\t\t\t\t\t\t\t\t\t\t\t<\/div>\n\t\t\t\t<\/div>\n\t\t\t\t\t\t\t\t<\/div>\n\t\t\t\t<\/div>\n\t\t\t\t<div class=\"elementor-element elementor-element-4a7f4d2 elementor-widget elementor-widget-spacer\" data-id=\"4a7f4d2\" data-element_type=\"widget\" data-widget_type=\"spacer.default\">\n\t\t\t\t<div class=\"elementor-widget-container\">\n\t\t\t\t\t\t\t<div class=\"elementor-spacer\">\n\t\t\t<div class=\"elementor-spacer-inner\"><\/div>\n\t\t<\/div>\n\t\t\t\t\t\t<\/div>\n\t\t\t\t<\/div>\n\t\t\t\t\t<\/div>\n\t\t<\/div>\n\t\t\t\t\t<\/div>\n\t\t<\/section>\n\t\t\t\t<\/div>\n\t\t","protected":false},"excerpt":{"rendered":"<p>D\u00c9FI ALTIUS PHYSIO 3E \u00c9DITION D\u00e9fi de course \u00e0 pied au profit de la Fondation Paul-Leboeuf Nous sommes ravis de vous annoncer officiellement que la 3e \u00e9dition du D\u00e9fi Altius Physio aura lieu le 18 octobre prochain, au magnifique Parc Desforges de\u00a0 Coteau-du-lac. Les coureurs auront la chance de pouvoir courir tout en admirant la [&hellip;]<\/p>\n","protected":false},"author":2,"featured_media":0,"parent":0,"menu_order":0,"comment_status":"closed","ping_status":"closed","template":"","meta":{"footnotes":""},"class_list":["post-3950","page","type-page","status-publish","hentry"],"_links":{"self":[{"href":"https:\/\/altiusphysio.net\/fr\/wp-json\/wp\/v2\/pages\/3950","targetHints":{"allow":["GET"]}}],"collection":[{"href":"https:\/\/altiusphysio.net\/fr\/wp-json\/wp\/v2\/pages"}],"about":[{"href":"https:\/\/altiusphysio.net\/fr\/wp-json\/wp\/v2\/types\/page"}],"author":[{"embeddable":true,"href":"https:\/\/altiusphysio.net\/fr\/wp-json\/wp\/v2\/users\/2"}],"replies":[{"embeddable":true,"href":"https:\/\/altiusphysio.net\/fr\/wp-json\/wp\/v2\/comments?post=3950"}],"version-history":[{"count":27,"href":"https:\/\/altiusphysio.net\/fr\/wp-json\/wp\/v2\/pages\/3950\/revisions"}],"predecessor-version":[{"id":4102,"href":"https:\/\/altiusphysio.net\/fr\/wp-json\/wp\/v2\/pages\/3950\/revisions\/4102"}],"wp:attachment":[{"href":"https:\/\/altiusphysio.net\/fr\/wp-json\/wp\/v2\/media?parent=3950"}],"curies":[{"name":"wp","href":"https:\/\/api.w.org\/{rel}","templated":true}]}}