{"id":4160,"date":"2026-02-17T11:33:08","date_gmt":"2026-02-17T15:33:08","guid":{"rendered":"https:\/\/altiusphysio.net\/?page_id=4160"},"modified":"2026-02-17T11:41:25","modified_gmt":"2026-02-17T15:41:25","slug":"carriere-receptionniste","status":"publish","type":"page","link":"https:\/\/altiusphysio.net\/fr\/carriere-receptionniste\/","title":{"rendered":"CARRI\u00c8RE \/ R\u00c9CEPTIONISTE"},"content":{"rendered":"\t\t<div data-elementor-type=\"wp-page\" data-elementor-id=\"4160\" class=\"elementor elementor-4160\" data-elementor-post-type=\"page\">\n\t\t\t\t\t\t<section class=\"elementor-section elementor-top-section elementor-element elementor-element-5439d07 elementor-section-boxed elementor-section-height-default elementor-section-height-default\" data-id=\"5439d07\" data-element_type=\"section\">\n\t\t\t\t\t\t<div class=\"elementor-container elementor-column-gap-default\">\n\t\t\t\t\t<div class=\"elementor-column elementor-col-100 elementor-top-column elementor-element elementor-element-c64c9ac\" data-id=\"c64c9ac\" data-element_type=\"column\">\n\t\t\t<div class=\"elementor-widget-wrap\">\n\t\t\t\t\t\t\t<\/div>\n\t\t<\/div>\n\t\t\t\t\t<\/div>\n\t\t<\/section>\n\t\t\t\t<section class=\"elementor-section elementor-top-section elementor-element elementor-element-87ab80b elementor-section-boxed elementor-section-height-default elementor-section-height-default\" data-id=\"87ab80b\" data-element_type=\"section\">\n\t\t\t\t\t\t<div class=\"elementor-container elementor-column-gap-default\">\n\t\t\t\t\t<div class=\"elementor-column elementor-col-100 elementor-top-column elementor-element elementor-element-1b57385\" data-id=\"1b57385\" data-element_type=\"column\">\n\t\t\t<div class=\"elementor-widget-wrap elementor-element-populated\">\n\t\t\t\t\t\t<div class=\"elementor-element elementor-element-9b687ec elementor-widget elementor-widget-text-editor\" data-id=\"9b687ec\" data-element_type=\"widget\" data-widget_type=\"text-editor.default\">\n\t\t\t\t<div class=\"elementor-widget-container\">\n\t\t\t\t\t\t\t\t\t<p class=\"MsoNormal\">\u00a0<\/p><p class=\"MsoNormal\">\u00a0<\/p><p class=\"MsoNormal\"><!-- [if gte vml 1]><v:shapetype id=\"_x0000_t75\" coordsize=\"21600,21600\" o:spt=\"75\" o:preferrelative=\"t\" path=\"m@4@5l@4@11@9@11@9@5xe\" filled=\"f\" stroked=\"f\"><br \/> <v:stroke joinstyle=\"miter\"\/><br \/> <v:formulas><br \/>  <v:f eqn=\"if lineDrawn pixelLineWidth 0\"\/><br \/>  <v:f eqn=\"sum @0 1 0\"\/><br \/>  <v:f eqn=\"sum 0 0 @1\"\/><br \/>  <v:f eqn=\"prod @2 1 2\"\/><br \/>  <v:f eqn=\"prod @3 21600 pixelWidth\"\/><br \/>  <v:f eqn=\"prod @3 21600 pixelHeight\"\/><br \/>  <v:f eqn=\"sum @0 0 1\"\/><br \/>  <v:f eqn=\"prod @6 1 2\"\/><br \/>  <v:f eqn=\"prod @7 21600 pixelWidth\"\/><br \/>  <v:f eqn=\"sum @8 21600 0\"\/><br \/>  <v:f eqn=\"prod @7 21600 pixelHeight\"\/><br \/>  <v:f eqn=\"sum @10 21600 0\"\/><br \/> <\/v:formulas><br \/> <v:path o:extrusionok=\"f\" gradientshapeok=\"t\" o:connecttype=\"rect\"\/><br \/> <o:lock v:ext=\"edit\" aspectratio=\"t\"\/><br \/><\/v:shapetype><v:shape id=\"Image_x0020_6\" o:spid=\"_x0000_i1027\" type=\"#_x0000_t75\" alt=\"&#128205;\" style='width:12pt;height:12pt;visibility:visible; mso-wrap-style:square'><br \/> <v:imagedata src=\"file:\/\/\/C:\/Users\/COMPTA~1\/AppData\/Local\/Temp\/msohtmlclip1\/01\/clip_image001.png\" o:title=\"&#128205;\"\/><br \/><\/v:shape><![endif]--><img decoding=\"async\" src=\"data:image\/png;base64,iVBORw0KGgoAAAANSUhEUgAAABAAAAAQCAYAAAAf8\/9hAAABIElEQVR42mPABj5UV9l+nzBh58\/evs\/f8\/I+f7C32\/nU2NCKgRgAUvhtwoTb\/1ev\/g\/Gs2f\/\/19Q+P+jkdFtgoasZmZge+jrveZvVzdIIxgD2WADvtja\/r8pI7UGpAanAXv4uBQumRk\/+JqR8f9\/dQ0IgzX\/j4j8\/9XQ6P8JMeEHIDV4DTgsLfHktpEB2Mbvbu4gDNZ8XVb6\/y5Bnid4DXikKM99UkJk90Fhgf\/npCXgGMTfwsv5HyQHUoM3HF6bGgdekJV6C9UExyAxkBxMHUFDHhkZHL+kp\/MLhEFssGZSwK38QvFVbZ0nZ5bVnASxGUgFPZMXsq9at\/nApOmLDoDYI8sABJi\/ePUGEGYgFyxavr4PhMk2YPXGnaEgjE8NAKmvyuRkHli0AAAAAElFTkSuQmCC\" alt=\"\ud83d\udccd\" width=\"16\" height=\"16\" \/>\u00a0Lieu : Altius Physio, 1069 rue principale, St-Zotique, J0P 1Z0\u00a0<\/p><p class=\"MsoNormal\">Lors du Gala Les Axents, organis\u00e9 par la Chambre de commerce et d\u2019industrie de Vaudreuil-Soulanges en novembre 2023 :<\/p><p class=\"MsoNormal\"><!-- [if gte vml 1]><v:shape id=\"Image_x0020_5\" o:spid=\"_x0000_i1026\" type=\"#_x0000_t75\" alt=\"&#127942;\" style='width:12pt;height:12pt;visibility:visible;mso-wrap-style:square'><br \/> <v:imagedata src=\"file:\/\/\/C:\/Users\/COMPTA~1\/AppData\/Local\/Temp\/msohtmlclip1\/01\/clip_image002.png\" o:title=\"&#127942;\"\/><br \/><\/v:shape><![endif]--><img decoding=\"async\" src=\"data:image\/png;base64,iVBORw0KGgoAAAANSUhEUgAAABAAAAAQCAMAAAAoLQ9TAAAA0lBMVEVHcEzYlgqTSAfgogrTlQfTjwbboQ7AeQWhWQvirxzUlAXZmAbXmw7isR3dpRLWkwXZlwreoxOdUAnlrQ7pthuvZQvstArAhhiVSwnbog3fqhPYlAPuwCnlrBTbmAWHRAnqvB3ksCXhqBTrtBDcmAbjrRzxxyjOlCGSSgnhow701lTbnxH12WXeqR3ttgfprwjlpwTxuwngpwreoAb\/9qD52CbivUP84TjuvA383iu4eBD\/8XjNkBL20Sf+6VrTmhH21z363UfEhhLtwSn+7G3UoTPBN16mAAAALnRSTlMAKqPngk2GBfALFGxaGv6TOe88zuWV9\/nTk3LGwmSiX\/vvou5Fju\/xW9nprdut9Ao6gwAAALZJREFUeNpVzAOWA1AUA9B8S7U7Nmqb+9\/SGL2HDwlMMM3Gy9PdNXtsNN8H+FeZ2svhpNPv9JN89hDc1bur+bDVbnXqjgvYanDdw2DabbfaLiQL+Joord4XvVbppuYBGCnZdjBu9VsFLg3eWc6W83GrN2Hc4pMS+c2w3ckLhR\/k6iKeEfyTucxm8B8pZE8e1O2+V\/1rQK54f1yUizn8oLPRaL2Y0d8ALY\/iOu7oT+ihoj9VzgG8AU+0E0Pq6h0\/AAAAAElFTkSuQmCC\" alt=\"\ud83c\udfc6\" width=\"16\" height=\"16\" \/>Altius Physio a \u00e9t\u00e9 nomm\u00e9e Start-up de l\u2019ann\u00e9e;<\/p><p class=\"MsoNormal\"><!-- [if gte vml 1]><v:shape id=\"Image_x0020_4\" o:spid=\"_x0000_i1025\" type=\"#_x0000_t75\" alt=\"&#127942;\" style='width:12pt;height:12pt;visibility:visible;mso-wrap-style:square'><br \/> <v:imagedata src=\"file:\/\/\/C:\/Users\/COMPTA~1\/AppData\/Local\/Temp\/msohtmlclip1\/01\/clip_image002.png\" o:title=\"&#127942;\"\/><br \/><\/v:shape><![endif]--><img decoding=\"async\" src=\"data:image\/png;base64,iVBORw0KGgoAAAANSUhEUgAAABAAAAAQCAMAAAAoLQ9TAAAA0lBMVEVHcEzYlgqTSAfgogrTlQfTjwbboQ7AeQWhWQvirxzUlAXZmAbXmw7isR3dpRLWkwXZlwreoxOdUAnlrQ7pthuvZQvstArAhhiVSwnbog3fqhPYlAPuwCnlrBTbmAWHRAnqvB3ksCXhqBTrtBDcmAbjrRzxxyjOlCGSSgnhow701lTbnxH12WXeqR3ttgfprwjlpwTxuwngpwreoAb\/9qD52CbivUP84TjuvA383iu4eBD\/8XjNkBL20Sf+6VrTmhH21z363UfEhhLtwSn+7G3UoTPBN16mAAAALnRSTlMAKqPngk2GBfALFGxaGv6TOe88zuWV9\/nTk3LGwmSiX\/vvou5Fju\/xW9nprdut9Ao6gwAAALZJREFUeNpVzAOWA1AUA9B8S7U7Nmqb+9\/SGL2HDwlMMM3Gy9PdNXtsNN8H+FeZ2svhpNPv9JN89hDc1bur+bDVbnXqjgvYanDdw2DabbfaLiQL+Joord4XvVbppuYBGCnZdjBu9VsFLg3eWc6W83GrN2Hc4pMS+c2w3ckLhR\/k6iKeEfyTucxm8B8pZE8e1O2+V\/1rQK54f1yUizn8oLPRaL2Y0d8ALY\/iOu7oT+ihoj9VzgG8AU+0E0Pq6h0\/AAAAAElFTkSuQmCC\" alt=\"\ud83c\udfc6\" width=\"16\" height=\"16\" \/>Altius Physio a \u00e9galement \u00e9t\u00e9 nomm\u00e9e Entreprise de l\u2019ann\u00e9e.<\/p><p class=\"MsoNormal\">Nous sommes \u00e0 la recherche d\u2019un(e) r\u00e9ceptionniste dynamique et organis\u00e9(e) pour se joindre \u00e0 notre \u00e9quipe les samedis.<\/p><p class=\"MsoNormal\"><b>Horaire<\/b><\/p><ul style=\"margin-top: 0cm;\" type=\"disc\"><li class=\"MsoNormal\">Samedi : 8 h 30 \u00e0 13 h<\/li><\/ul><div>\u00a0<\/div><p class=\"MsoNormal\"><b>Salaire<\/b><\/p><ul style=\"margin-top: 0cm;\" type=\"disc\"><li class=\"MsoNormal\">19 $ \/ heure<\/li><\/ul><div>\u00a0<\/div><p class=\"MsoNormal\">Poste id\u00e9al pour les \u00e9tudiants \u00e0 la recherche d\u2019un emploi \u00e0 temps partiel.<\/p><p class=\"MsoNormal\"><b>Principales responsabilit\u00e9s<\/b><\/p><ul style=\"margin-top: 0cm;\" type=\"disc\"><li class=\"MsoNormal\">R\u00e9pondre aux appels t\u00e9l\u00e9phoniques.<\/li><li class=\"MsoNormal\">Planifier et g\u00e9rer les rendez-vous \u00e0 l\u2019horaire.<\/li><li class=\"MsoNormal\">Effectuer la num\u00e9risation de documents.<\/li><li class=\"MsoNormal\">Effectuer de l\u00e9g\u00e8res t\u00e2ches d\u2019entretien m\u00e9nager.<\/li><li class=\"MsoNormal\">Accomplir diverses t\u00e2ches connexes au besoin.<\/li><\/ul><div>\u00a0<\/div><p class=\"MsoNormal\"><b>Profil recherch\u00e9<\/b><\/p><ul style=\"margin-top: 0cm;\" type=\"disc\"><li class=\"MsoNormal\">Bonne communication et approche professionnelle.<\/li><li class=\"MsoNormal\">Sens de l\u2019organisation et autonomie.<\/li><li class=\"MsoNormal\">Ponctualit\u00e9 et fiabilit\u00e9.<\/li><li class=\"MsoNormal\">\u00c0 l\u2019aise avec l\u2019informatique de base<\/li><\/ul><p>\u00a0<\/p><p class=\"MsoNormal\">Si ce poste vous int\u00e9resse, veuillez nous faire parvenir votre candidature.<\/p>\t\t\t\t\t\t\t\t<\/div>\n\t\t\t\t<\/div>\n\t\t\t\t\t<\/div>\n\t\t<\/div>\n\t\t\t\t\t<\/div>\n\t\t<\/section>\n\t\t\t\t<section class=\"elementor-section elementor-top-section elementor-element elementor-element-bb237ef elementor-section-boxed elementor-section-height-default elementor-section-height-default\" data-id=\"bb237ef\" data-element_type=\"section\">\n\t\t\t\t\t\t<div class=\"elementor-container elementor-column-gap-default\">\n\t\t\t\t\t<div class=\"elementor-column elementor-col-100 elementor-top-column elementor-element elementor-element-ad0bc8c\" data-id=\"ad0bc8c\" data-element_type=\"column\">\n\t\t\t<div class=\"elementor-widget-wrap elementor-element-populated\">\n\t\t\t\t\t\t<div class=\"elementor-element elementor-element-bfa1ffd elementor-widget elementor-widget-text-editor\" data-id=\"bfa1ffd\" data-element_type=\"widget\" data-widget_type=\"text-editor.default\">\n\t\t\t\t<div class=\"elementor-widget-container\">\n\t\t\t\t\t\t\t\t\t\n<div class=\"wpcf7 no-js\" id=\"wpcf7-f3753-o1\" lang=\"fr-FR\" dir=\"ltr\" data-wpcf7-id=\"3753\">\n<div class=\"screen-reader-response\"><p role=\"status\" aria-live=\"polite\" aria-atomic=\"true\"><\/p> <ul><\/ul><\/div>\n<form action=\"\/fr\/wp-json\/wp\/v2\/pages\/4160#wpcf7-f3753-o1\" method=\"post\" class=\"wpcf7-form init\" aria-label=\"Formulaire de contact\" enctype=\"multipart\/form-data\" novalidate=\"novalidate\" data-status=\"init\">\n<div style=\"display: none;\">\n<input type=\"hidden\" name=\"_wpcf7\" value=\"3753\" \/>\n<input type=\"hidden\" name=\"_wpcf7_version\" value=\"6.0.4\" \/>\n<input type=\"hidden\" name=\"_wpcf7_locale\" value=\"fr_FR\" \/>\n<input type=\"hidden\" name=\"_wpcf7_unit_tag\" value=\"wpcf7-f3753-o1\" \/>\n<input type=\"hidden\" name=\"_wpcf7_container_post\" value=\"0\" \/>\n<input type=\"hidden\" name=\"_wpcf7_posted_data_hash\" value=\"\" \/>\n<\/div>\n<p><label> Votre nom<br \/>\n<span class=\"wpcf7-form-control-wrap\" data-name=\"your-name\"><input size=\"40\" maxlength=\"400\" class=\"wpcf7-form-control wpcf7-text wpcf7-validates-as-required\" autocomplete=\"name\" aria-required=\"true\" aria-invalid=\"false\" value=\"\" type=\"text\" name=\"your-name\" \/><\/span> <\/label>\n<\/p>\n<p><label> Votre e-mail<br \/>\n<span class=\"wpcf7-form-control-wrap\" data-name=\"your-email\"><input size=\"40\" maxlength=\"400\" class=\"wpcf7-form-control wpcf7-email wpcf7-validates-as-required wpcf7-text wpcf7-validates-as-email\" autocomplete=\"email\" aria-required=\"true\" aria-invalid=\"false\" value=\"\" type=\"email\" name=\"your-email\" \/><\/span> <\/label>\n<\/p>\n<p><label> Objet<br \/>\n<span class=\"wpcf7-form-control-wrap\" data-name=\"your-subject\"><input size=\"40\" maxlength=\"400\" class=\"wpcf7-form-control wpcf7-text wpcf7-validates-as-required\" aria-required=\"true\" aria-invalid=\"false\" value=\"\" type=\"text\" name=\"your-subject\" \/><\/span> <\/label>\n<\/p>\n<p><label> Votre message (facultatif)<br \/>\n<span class=\"wpcf7-form-control-wrap\" data-name=\"your-message\"><textarea cols=\"40\" rows=\"10\" maxlength=\"2000\" class=\"wpcf7-form-control wpcf7-textarea\" aria-invalid=\"false\" name=\"your-message\"><\/textarea><\/span> <\/label>\n<\/p>\n<p><input class=\"wpcf7-form-control wpcf7-submit has-spinner\" type=\"submit\" value=\"Envoyer\" \/>\n<\/p>\n<p><span class=\"wpcf7-form-control-wrap\" data-name=\"cv-file\"><input size=\"40\" class=\"wpcf7-form-control wpcf7-file\" accept=\".pdf,.doc,.docx\" aria-invalid=\"false\" type=\"file\" name=\"cv-file\" \/><\/span>\n<\/p><div class=\"wpcf7-response-output\" aria-hidden=\"true\"><\/div>\n<\/form>\n<\/div>\n\t\t\t\t\t\t\t\t<\/div>\n\t\t\t\t<\/div>\n\t\t\t\t\t<\/div>\n\t\t<\/div>\n\t\t\t\t\t<\/div>\n\t\t<\/section>\n\t\t\t\t<\/div>\n\t\t","protected":false},"excerpt":{"rendered":"<p>\u00a0 \u00a0 \u00a0Lieu : Altius Physio, 1069 rue principale, St-Zotique, J0P 1Z0\u00a0 Lors du Gala Les Axents, organis\u00e9 par la Chambre de commerce et d\u2019industrie de Vaudreuil-Soulanges en novembre 2023 : Altius Physio a \u00e9t\u00e9 nomm\u00e9e Start-up de l\u2019ann\u00e9e; Altius Physio a \u00e9galement \u00e9t\u00e9 nomm\u00e9e Entreprise de l\u2019ann\u00e9e. Nous sommes \u00e0 la recherche d\u2019un(e) r\u00e9ceptionniste [&hellip;]<\/p>\n","protected":false},"author":2,"featured_media":0,"parent":0,"menu_order":0,"comment_status":"closed","ping_status":"closed","template":"","meta":{"footnotes":""},"class_list":["post-4160","page","type-page","status-publish","hentry"],"_links":{"self":[{"href":"https:\/\/altiusphysio.net\/fr\/wp-json\/wp\/v2\/pages\/4160","targetHints":{"allow":["GET"]}}],"collection":[{"href":"https:\/\/altiusphysio.net\/fr\/wp-json\/wp\/v2\/pages"}],"about":[{"href":"https:\/\/altiusphysio.net\/fr\/wp-json\/wp\/v2\/types\/page"}],"author":[{"embeddable":true,"href":"https:\/\/altiusphysio.net\/fr\/wp-json\/wp\/v2\/users\/2"}],"replies":[{"embeddable":true,"href":"https:\/\/altiusphysio.net\/fr\/wp-json\/wp\/v2\/comments?post=4160"}],"version-history":[{"count":12,"href":"https:\/\/altiusphysio.net\/fr\/wp-json\/wp\/v2\/pages\/4160\/revisions"}],"predecessor-version":[{"id":4179,"href":"https:\/\/altiusphysio.net\/fr\/wp-json\/wp\/v2\/pages\/4160\/revisions\/4179"}],"wp:attachment":[{"href":"https:\/\/altiusphysio.net\/fr\/wp-json\/wp\/v2\/media?parent=4160"}],"curies":[{"name":"wp","href":"https:\/\/api.w.org\/{rel}","templated":true}]}}